{"id":12958,"date":"2022-09-14T13:01:32","date_gmt":"2022-09-14T13:01:32","guid":{"rendered":"https:\/\/www.inodigital.com\/?page_id=12958"},"modified":"2022-10-18T09:11:53","modified_gmt":"2022-10-18T09:11:53","slug":"izsu-ozdere-a-a-t-mekanik-montaj-isi","status":"publish","type":"page","link":"https:\/\/www.novelaritma.com\/tr_tr\/izsu-ozdere-a-a-t-mekanik-montaj-isi\/","title":{"rendered":"\u0130ZSU \u00d6ZDERE A.A.T. Mekanik Montaj \u0130\u015fi"},"content":{"rendered":"\t\t<div data-elementor-type=\"wp-page\" data-elementor-id=\"12958\" class=\"elementor elementor-12958\">\n\t\t\t\t\t\t\t\t\t<section class=\"wd-negative-gap elementor-section elementor-top-section elementor-element elementor-element-b76c557 elementor-section-boxed elementor-section-height-default elementor-section-height-default wd-section-disabled\" data-id=\"b76c557\" data-element_type=\"section\">\n\t\t\t\t\t\t<div class=\"elementor-container elementor-column-gap-default\">\n\t\t\t\t\t<div class=\"elementor-column elementor-col-100 elementor-top-column elementor-element elementor-element-9302c0f\" data-id=\"9302c0f\" data-element_type=\"column\">\n\t\t\t<div class=\"elementor-widget-wrap elementor-element-populated\">\n\t\t\t\t\t\t\t\t<div class=\"elementor-element elementor-element-e02a932 elementor-widget elementor-widget-wd_images_gallery\" data-id=\"e02a932\" data-element_type=\"widget\" data-widget_type=\"wd_images_gallery.default\">\n\t\t\t\t<div class=\"elementor-widget-container\">\n\t\t\t\t\t\t<link rel=\"stylesheet\" id=\"wd-photoswipe-css\" href=\"https:\/\/www.novelaritma.com\/wp-content\/themes\/woodmart\/css\/parts\/lib-photoswipe.min.css?ver=6.5.4\" type=\"text\/css\" media=\"all\" \/> \t\t\t\t\t\t<link rel=\"stylesheet\" id=\"wd-image-gallery-css\" href=\"https:\/\/www.novelaritma.com\/wp-content\/themes\/woodmart\/css\/parts\/el-gallery.min.css?ver=6.5.4\" type=\"text\/css\" media=\"all\" \/> \t\t\t\t\t<div class=\"wd-images-gallery wd-justify-center wd-items-middle view-grid photoswipe-images\" >\r\n\t\t\t<div class=\"gallery-images row wd-spacing-2\">\r\n\t\t\t\t\t\t\t\t\t\t\t\t\t\t<div class=\"wd-gallery-item  col-lg-4 col-md-4 col-12\">\r\n\t\t\t\t\t\t\t\t\t\t\t\t\t<a  href=\"https:\/\/www.novelaritma.com\/wp-content\/uploads\/2022\/09\/OZ-06.jpg\"data-width=\"1024\" data-height=\"768\" data-index=\"1\" data-elementor-open-lightbox=\"no\">\r\n\t\t\t\t\t\t\r\n\t\t\t\t\t\t<img decoding=\"async\" src=\"https:\/\/www.novelaritma.com\/wp-content\/uploads\/2022\/09\/OZ-06.jpg\"alt=\"OZ-06\">\r\n\t\t\t\t\t\t\t\t\t\t\t\t\t<\/a>\r\n\t\t\t\t\t\t\t\t\t\t\t<\/div>\r\n\t\t\t\t\t\t\t\t\t\t\t\t\t\t\t<div class=\"wd-gallery-item  col-lg-4 col-md-4 col-12\">\r\n\t\t\t\t\t\t\t\t\t\t\t\t\t<a  href=\"https:\/\/www.novelaritma.com\/wp-content\/uploads\/2022\/09\/OZ-05.jpg\"data-width=\"1024\" data-height=\"768\" data-index=\"2\" data-elementor-open-lightbox=\"no\">\r\n\t\t\t\t\t\t\r\n\t\t\t\t\t\t<img decoding=\"async\" src=\"https:\/\/www.novelaritma.com\/wp-content\/uploads\/2022\/09\/OZ-05.jpg\"alt=\"OZ-05\">\r\n\t\t\t\t\t\t\t\t\t\t\t\t\t<\/a>\r\n\t\t\t\t\t\t\t\t\t\t\t<\/div>\r\n\t\t\t\t\t\t\t\t\t\t\t\t\t\t\t<div class=\"wd-gallery-item  col-lg-4 col-md-4 col-12\">\r\n\t\t\t\t\t\t\t\t\t\t\t\t\t<a  href=\"https:\/\/www.novelaritma.com\/wp-content\/uploads\/2022\/09\/OZ-04-rotated.jpg\"data-width=\"1024\" data-height=\"768\" data-index=\"3\" data-elementor-open-lightbox=\"no\">\r\n\t\t\t\t\t\t\r\n\t\t\t\t\t\t<img decoding=\"async\" src=\"https:\/\/www.novelaritma.com\/wp-content\/uploads\/2022\/09\/OZ-04-rotated.jpg\"alt=\"OZ-04\">\r\n\t\t\t\t\t\t\t\t\t\t\t\t\t<\/a>\r\n\t\t\t\t\t\t\t\t\t\t\t<\/div>\r\n\t\t\t\t\t\t\t\t\t\t\t\t\t\t\t<div class=\"wd-gallery-item  col-lg-4 col-md-4 col-12\">\r\n\t\t\t\t\t\t\t\t\t\t\t\t\t<a  href=\"https:\/\/www.novelaritma.com\/wp-content\/uploads\/2022\/09\/OZ-03.jpg\"data-width=\"1024\" data-height=\"768\" data-index=\"4\" data-elementor-open-lightbox=\"no\">\r\n\t\t\t\t\t\t\r\n\t\t\t\t\t\t<img decoding=\"async\" src=\"https:\/\/www.novelaritma.com\/wp-content\/uploads\/2022\/09\/OZ-03.jpg\"alt=\"OZ-03\">\r\n\t\t\t\t\t\t\t\t\t\t\t\t\t<\/a>\r\n\t\t\t\t\t\t\t\t\t\t\t<\/div>\r\n\t\t\t\t\t\t\t\t\t\t\t\t\t\t\t<div class=\"wd-gallery-item  col-lg-4 col-md-4 col-12\">\r\n\t\t\t\t\t\t\t\t\t\t\t\t\t<a  href=\"https:\/\/www.novelaritma.com\/wp-content\/uploads\/2022\/09\/OZ-02.jpg\"data-width=\"1024\" data-height=\"768\" data-index=\"5\" data-elementor-open-lightbox=\"no\">\r\n\t\t\t\t\t\t\r\n\t\t\t\t\t\t<img decoding=\"async\" src=\"https:\/\/www.novelaritma.com\/wp-content\/uploads\/2022\/09\/OZ-02.jpg\"alt=\"OZ-02\">\r\n\t\t\t\t\t\t\t\t\t\t\t\t\t<\/a>\r\n\t\t\t\t\t\t\t\t\t\t\t<\/div>\r\n\t\t\t\t\t\t\t\t\t\t\t\t\t\t\t<div class=\"wd-gallery-item  col-lg-4 col-md-4 col-12\">\r\n\t\t\t\t\t\t\t\t\t\t\t\t\t<a  href=\"https:\/\/www.novelaritma.com\/wp-content\/uploads\/2022\/09\/OZ-01.jpg\"data-width=\"1024\" data-height=\"768\" data-index=\"6\" data-elementor-open-lightbox=\"no\">\r\n\t\t\t\t\t\t\r\n\t\t\t\t\t\t<img decoding=\"async\" src=\"https:\/\/www.novelaritma.com\/wp-content\/uploads\/2022\/09\/OZ-01.jpg\"alt=\"OZ-01\">\r\n\t\t\t\t\t\t\t\t\t\t\t\t\t<\/a>\r\n\t\t\t\t\t\t\t\t\t\t\t<\/div>\r\n\t\t\t\t\t\t\t\t<\/div>\r\n\t\t<\/div>\r\n\t\t\t\t<\/div>\n\t\t\t\t<\/div>\n\t\t\t\t\t<\/div>\n\t\t<\/div>\n\t\t\t\t\t\t\t<\/div>\n\t\t<\/section>\n\t\t\t\t\t\t\t<\/div>\n\t\t","protected":false},"excerpt":{"rendered":"","protected":false},"author":1,"featured_media":0,"parent":0,"menu_order":0,"comment_status":"closed","ping_status":"closed","template":"","meta":{"footnotes":""},"class_list":["post-12958","page","type-page","status-publish","hentry"],"_links":{"self":[{"href":"https:\/\/www.novelaritma.com\/tr_tr\/wp-json\/wp\/v2\/pages\/12958","targetHints":{"allow":["GET"]}}],"collection":[{"href":"https:\/\/www.novelaritma.com\/tr_tr\/wp-json\/wp\/v2\/pages"}],"about":[{"href":"https:\/\/www.novelaritma.com\/tr_tr\/wp-json\/wp\/v2\/types\/page"}],"author":[{"embeddable":true,"href":"https:\/\/www.novelaritma.com\/tr_tr\/wp-json\/wp\/v2\/users\/1"}],"replies":[{"embeddable":true,"href":"https:\/\/www.novelaritma.com\/tr_tr\/wp-json\/wp\/v2\/comments?post=12958"}],"version-history":[{"count":9,"href":"https:\/\/www.novelaritma.com\/tr_tr\/wp-json\/wp\/v2\/pages\/12958\/revisions"}],"predecessor-version":[{"id":13464,"href":"https:\/\/www.novelaritma.com\/tr_tr\/wp-json\/wp\/v2\/pages\/12958\/revisions\/13464"}],"wp:attachment":[{"href":"https:\/\/www.novelaritma.com\/tr_tr\/wp-json\/wp\/v2\/media?parent=12958"}],"curies":[{"name":"wp","href":"https:\/\/api.w.org\/{rel}","templated":true}]}}