{"id":13609,"date":"2024-05-22T11:50:10","date_gmt":"2024-05-22T11:50:10","guid":{"rendered":"https:\/\/www.novelaritma.com\/?page_id=13609"},"modified":"2024-05-22T11:54:31","modified_gmt":"2024-05-22T11:54:31","slug":"buski-iller-bankasi-bursa-mustafakemalpasa-tm-5-terfi-merkezi-mekanik-elektrik-otomasyon-isleri-9-000-m%c2%b3-gun","status":"publish","type":"page","link":"https:\/\/www.novelaritma.com\/en\/buski-iller-bankasi-bursa-mustafakemalpasa-tm-5-terfi-merkezi-mekanik-elektrik-otomasyon-isleri-9-000-m%c2%b3-gun\/","title":{"rendered":"BUSK\u0130 &amp; \u0130LLER BANKASI BURSA MUSTAFAKEMALPA\u015eA TM-5 TERF\u0130 MERKEZ\u0130 MEKAN\u0130K, ELEKTR\u0130K &amp; OTOMASYON \u0130\u015eLER\u0130 (9.000 m\u00b3\/g\u00fcn)"},"content":{"rendered":"<div data-elementor-type=\"wp-page\" data-elementor-id=\"13609\" class=\"elementor elementor-13609\">\n\t\t\t\t\t\t\t\t\t<section class=\"wd-negative-gap elementor-section elementor-top-section elementor-element elementor-element-7f01b16 elementor-section-boxed elementor-section-height-default elementor-section-height-default wd-section-disabled\" data-id=\"7f01b16\" data-element_type=\"section\">\n\t\t\t\t\t\t<div class=\"elementor-container elementor-column-gap-default\">\n\t\t\t\t\t<div class=\"elementor-column elementor-col-25 elementor-top-column elementor-element elementor-element-59d00fd\" data-id=\"59d00fd\" data-element_type=\"column\">\n\t\t\t<div class=\"elementor-widget-wrap elementor-element-populated\">\n\t\t\t\t\t\t\t\t<div class=\"elementor-element elementor-element-8c2eab5 elementor-widget elementor-widget-image\" data-id=\"8c2eab5\" data-element_type=\"widget\" data-widget_type=\"image.default\">\n\t\t\t\t<div class=\"elementor-widget-container\">\n\t\t\t<style>\/*! elementor - v3.15.0 - 20-08-2023 *\/\n.elementor-widget-image{text-align:center}.elementor-widget-image a{display:inline-block}.elementor-widget-image a img[src$=\".svg\"]{width:48px}.elementor-widget-image img{vertical-align:middle;display:inline-block}<\/style>\t\t\t\t\t\t\t\t\t\t\t\t<img decoding=\"async\" width=\"600\" height=\"800\" src=\"https:\/\/www.novelaritma.com\/wp-content\/uploads\/2024\/05\/WhatsApp-Gorsel-2024-05-22-saat-14.41.58_731911e7-3-600x800.jpg\" class=\"attachment-large size-large wp-image-13623\" alt=\"\" srcset=\"https:\/\/www.novelaritma.com\/wp-content\/uploads\/2024\/05\/WhatsApp-Gorsel-2024-05-22-saat-14.41.58_731911e7-3-600x800.jpg 600w, https:\/\/www.novelaritma.com\/wp-content\/uploads\/2024\/05\/WhatsApp-Gorsel-2024-05-22-saat-14.41.58_731911e7-3-225x300.jpg 225w, https:\/\/www.novelaritma.com\/wp-content\/uploads\/2024\/05\/WhatsApp-Gorsel-2024-05-22-saat-14.41.58_731911e7-3-768x1024.jpg 768w, https:\/\/www.novelaritma.com\/wp-content\/uploads\/2024\/05\/WhatsApp-Gorsel-2024-05-22-saat-14.41.58_731911e7-3-1152x1536.jpg 1152w, https:\/\/www.novelaritma.com\/wp-content\/uploads\/2024\/05\/WhatsApp-Gorsel-2024-05-22-saat-14.41.58_731911e7-3-9x12.jpg 9w, https:\/\/www.novelaritma.com\/wp-content\/uploads\/2024\/05\/WhatsApp-Gorsel-2024-05-22-saat-14.41.58_731911e7-3.jpg 1200w\" sizes=\"(max-width: 600px) 100vw, 600px\" \/>\t\t\t\t\t\t\t\t\t\t\t\t\t\t\t<\/div>\n\t\t\t\t<\/div>\n\t\t\t\t\t<\/div>\n\t\t<\/div>\n\t\t\t\t<div class=\"elementor-column elementor-col-25 elementor-top-column elementor-element elementor-element-b800689\" data-id=\"b800689\" data-element_type=\"column\">\n\t\t\t<div class=\"elementor-widget-wrap elementor-element-populated\">\n\t\t\t\t\t\t\t\t<div class=\"elementor-element elementor-element-5a9671f elementor-widget elementor-widget-image\" data-id=\"5a9671f\" data-element_type=\"widget\" data-widget_type=\"image.default\">\n\t\t\t\t<div class=\"elementor-widget-container\">\n\t\t\t\t\t\t\t\t\t\t\t\t\t\t\t<img decoding=\"async\" width=\"600\" height=\"800\" src=\"https:\/\/www.novelaritma.com\/wp-content\/uploads\/2024\/05\/WhatsApp-Gorsel-2024-05-22-saat-14.41.58_e75c508b-2-600x800.jpg\" class=\"attachment-large size-large wp-image-13624\" alt=\"\" srcset=\"https:\/\/www.novelaritma.com\/wp-content\/uploads\/2024\/05\/WhatsApp-Gorsel-2024-05-22-saat-14.41.58_e75c508b-2-600x800.jpg 600w, https:\/\/www.novelaritma.com\/wp-content\/uploads\/2024\/05\/WhatsApp-Gorsel-2024-05-22-saat-14.41.58_e75c508b-2-225x300.jpg 225w, https:\/\/www.novelaritma.com\/wp-content\/uploads\/2024\/05\/WhatsApp-Gorsel-2024-05-22-saat-14.41.58_e75c508b-2-768x1024.jpg 768w, https:\/\/www.novelaritma.com\/wp-content\/uploads\/2024\/05\/WhatsApp-Gorsel-2024-05-22-saat-14.41.58_e75c508b-2-1152x1536.jpg 1152w, https:\/\/www.novelaritma.com\/wp-content\/uploads\/2024\/05\/WhatsApp-Gorsel-2024-05-22-saat-14.41.58_e75c508b-2-9x12.jpg 9w, https:\/\/www.novelaritma.com\/wp-content\/uploads\/2024\/05\/WhatsApp-Gorsel-2024-05-22-saat-14.41.58_e75c508b-2.jpg 1200w\" sizes=\"(max-width: 600px) 100vw, 600px\" \/>\t\t\t\t\t\t\t\t\t\t\t\t\t\t\t<\/div>\n\t\t\t\t<\/div>\n\t\t\t\t\t<\/div>\n\t\t<\/div>\n\t\t\t\t<div class=\"elementor-column elementor-col-25 elementor-top-column elementor-element elementor-element-5c6f89c\" data-id=\"5c6f89c\" data-element_type=\"column\">\n\t\t\t<div class=\"elementor-widget-wrap elementor-element-populated\">\n\t\t\t\t\t\t\t\t<div class=\"elementor-element elementor-element-966d589 elementor-widget elementor-widget-image\" data-id=\"966d589\" data-element_type=\"widget\" data-widget_type=\"image.default\">\n\t\t\t\t<div class=\"elementor-widget-container\">\n\t\t\t\t\t\t\t\t\t\t\t\t\t\t\t<img decoding=\"async\" src=\"https:\/\/www.novelaritma.com\/wp-content\/uploads\/2024\/05\/IMG-20240522-WA0036-1.jpg\" title=\"IMG-20240522-WA0036-1\" alt=\"IMG-20240522-WA0036-1\" loading=\"lazy\" \/>\t\t\t\t\t\t\t\t\t\t\t\t\t\t\t<\/div>\n\t\t\t\t<\/div>\n\t\t\t\t\t<\/div>\n\t\t<\/div>\n\t\t\t\t<div class=\"elementor-column elementor-col-25 elementor-top-column elementor-element elementor-element-85e63f1\" data-id=\"85e63f1\" data-element_type=\"column\">\n\t\t\t<div class=\"elementor-widget-wrap elementor-element-populated\">\n\t\t\t\t\t\t\t\t<div class=\"elementor-element elementor-element-100edff elementor-widget elementor-widget-image\" data-id=\"100edff\" data-element_type=\"widget\" data-widget_type=\"image.default\">\n\t\t\t\t<div class=\"elementor-widget-container\">\n\t\t\t\t\t\t\t\t\t\t\t\t\t\t\t<img decoding=\"async\" width=\"600\" height=\"800\" src=\"https:\/\/www.novelaritma.com\/wp-content\/uploads\/2024\/05\/IMG-20240522-WA0035-3-600x800.jpg\" class=\"attachment-large size-large wp-image-13633\" alt=\"\" srcset=\"https:\/\/www.novelaritma.com\/wp-content\/uploads\/2024\/05\/IMG-20240522-WA0035-3-600x800.jpg 600w, https:\/\/www.novelaritma.com\/wp-content\/uploads\/2024\/05\/IMG-20240522-WA0035-3-225x300.jpg 225w, https:\/\/www.novelaritma.com\/wp-content\/uploads\/2024\/05\/IMG-20240522-WA0035-3-768x1024.jpg 768w, https:\/\/www.novelaritma.com\/wp-content\/uploads\/2024\/05\/IMG-20240522-WA0035-3-1152x1536.jpg 1152w, https:\/\/www.novelaritma.com\/wp-content\/uploads\/2024\/05\/IMG-20240522-WA0035-3-9x12.jpg 9w, https:\/\/www.novelaritma.com\/wp-content\/uploads\/2024\/05\/IMG-20240522-WA0035-3.jpg 1200w\" sizes=\"(max-width: 600px) 100vw, 600px\" \/>\t\t\t\t\t\t\t\t\t\t\t\t\t\t\t<\/div>\n\t\t\t\t<\/div>\n\t\t\t\t\t<\/div>\n\t\t<\/div>\n\t\t\t\t\t\t\t<\/div>\n\t\t<\/section>\n\t\t\t\t\t\t\t<\/div>","protected":false},"excerpt":{"rendered":"","protected":false},"author":1,"featured_media":0,"parent":0,"menu_order":0,"comment_status":"closed","ping_status":"closed","template":"","meta":{"footnotes":""},"class_list":["post-13609","page","type-page","status-publish","hentry"],"_links":{"self":[{"href":"https:\/\/www.novelaritma.com\/en\/wp-json\/wp\/v2\/pages\/13609","targetHints":{"allow":["GET"]}}],"collection":[{"href":"https:\/\/www.novelaritma.com\/en\/wp-json\/wp\/v2\/pages"}],"about":[{"href":"https:\/\/www.novelaritma.com\/en\/wp-json\/wp\/v2\/types\/page"}],"author":[{"embeddable":true,"href":"https:\/\/www.novelaritma.com\/en\/wp-json\/wp\/v2\/users\/1"}],"replies":[{"embeddable":true,"href":"https:\/\/www.novelaritma.com\/en\/wp-json\/wp\/v2\/comments?post=13609"}],"version-history":[{"count":5,"href":"https:\/\/www.novelaritma.com\/en\/wp-json\/wp\/v2\/pages\/13609\/revisions"}],"predecessor-version":[{"id":13636,"href":"https:\/\/www.novelaritma.com\/en\/wp-json\/wp\/v2\/pages\/13609\/revisions\/13636"}],"wp:attachment":[{"href":"https:\/\/www.novelaritma.com\/en\/wp-json\/wp\/v2\/media?parent=13609"}],"curies":[{"name":"wp","href":"https:\/\/api.w.org\/{rel}","templated":true}]}}