{"id":13062,"date":"2022-09-14T13:27:11","date_gmt":"2022-09-14T13:27:11","guid":{"rendered":"https:\/\/www.inodigital.com\/?page_id=13062"},"modified":"2022-10-18T09:45:30","modified_gmt":"2022-10-18T09:45:30","slug":"tosab-bursa-tekstil-boyahaneleri-ihtisas-organize-sanayi-bolgesi-kullanma-suyu-deposu-mekanik-isi","status":"publish","type":"page","link":"https:\/\/www.novelaritma.com\/en\/tosab-bursa-tekstil-boyahaneleri-ihtisas-organize-sanayi-bolgesi-kullanma-suyu-deposu-mekanik-isi\/","title":{"rendered":"TOSAB Bursa Tekstil Boyahaneleri \u0130htisas Organize Sanayi B\u00f6lgesi Kullanma Suyu Deposu Mekanik \u0130\u015fi"},"content":{"rendered":"<div data-elementor-type=\"wp-page\" data-elementor-id=\"13062\" class=\"elementor elementor-13062\">\n\t\t\t\t\t\t\t\t\t<section class=\"wd-negative-gap elementor-section elementor-top-section elementor-element elementor-element-029fed9 elementor-section-boxed elementor-section-height-default elementor-section-height-default wd-section-disabled\" data-id=\"029fed9\" data-element_type=\"section\">\n\t\t\t\t\t\t<div class=\"elementor-container elementor-column-gap-default\">\n\t\t\t\t\t<div class=\"elementor-column elementor-col-100 elementor-top-column elementor-element elementor-element-5bf13b3\" data-id=\"5bf13b3\" data-element_type=\"column\">\n\t\t\t<div class=\"elementor-widget-wrap elementor-element-populated\">\n\t\t\t\t\t\t\t\t<div class=\"elementor-element elementor-element-49fc479 elementor-widget elementor-widget-wd_images_gallery\" data-id=\"49fc479\" data-element_type=\"widget\" data-widget_type=\"wd_images_gallery.default\">\n\t\t\t\t<div class=\"elementor-widget-container\">\n\t\t\t\t\t\t<link rel=\"stylesheet\" id=\"wd-photoswipe-css\" href=\"https:\/\/www.novelaritma.com\/wp-content\/themes\/woodmart\/css\/parts\/lib-photoswipe.min.css?ver=6.5.4\" type=\"text\/css\" media=\"all\" \/> \t\t\t\t\t\t<link rel=\"stylesheet\" id=\"wd-owl-carousel-css\" href=\"https:\/\/www.novelaritma.com\/wp-content\/themes\/woodmart\/css\/parts\/lib-owl-carousel.min.css?ver=6.5.4\" type=\"text\/css\" media=\"all\" \/> \t\t\t\t\t\t<link rel=\"stylesheet\" id=\"wd-image-gallery-css\" href=\"https:\/\/www.novelaritma.com\/wp-content\/themes\/woodmart\/css\/parts\/el-gallery.min.css?ver=6.5.4\" type=\"text\/css\" media=\"all\" \/> \t\t\t\t\t<div class=\"wd-images-gallery wd-justify-center wd-items-middle view-carousel photoswipe-images wd-carousel-spacing-2 wd-carousel-container\" data-owl-carousel data-speed=\"\" data-slides_per_view_tablet='{\"size\":\"\"}' data-slides_per_view_mobile='{\"size\":\"\"}' data-wrap=\"no\" data-hide_pagination_control=\"no\" data-hide_prev_next_buttons=\"no\" data-desktop=\"4\" data-tablet_landscape=\"4\" data-tablet=\"3\" data-mobile=\"1\">\r\n\t\t\t<div class=\"gallery-images owl-carousel owl-items-lg-4 owl-items-md-4 owl-items-sm-3 owl-items-xs-1\">\r\n\t\t\t\t\t\t\t\t\t\t\t\t\t\t<div class=\"wd-gallery-item\">\r\n\t\t\t\t\t\t\t\t\t\t\t\t\t<a  href=\"https:\/\/www.novelaritma.com\/wp-content\/uploads\/2022\/09\/01-1.jpg\"data-width=\"1024\" data-height=\"768\" data-index=\"1\" data-elementor-open-lightbox=\"no\">\r\n\t\t\t\t\t\t\r\n\t\t\t\t\t\t<img decoding=\"async\" src=\"https:\/\/www.novelaritma.com\/wp-content\/uploads\/2022\/09\/01-1.jpg\"alt=\"01\">\r\n\t\t\t\t\t\t\t\t\t\t\t\t\t<\/a>\r\n\t\t\t\t\t\t\t\t\t\t\t<\/div>\r\n\t\t\t\t\t\t\t\t\t\t\t\t\t\t\t<div class=\"wd-gallery-item\">\r\n\t\t\t\t\t\t\t\t\t\t\t\t\t<a  href=\"https:\/\/www.novelaritma.com\/wp-content\/uploads\/2022\/09\/02-1.jpg\"data-width=\"1024\" data-height=\"768\" data-index=\"2\" data-elementor-open-lightbox=\"no\">\r\n\t\t\t\t\t\t\r\n\t\t\t\t\t\t<img decoding=\"async\" src=\"https:\/\/www.novelaritma.com\/wp-content\/uploads\/2022\/09\/02-1.jpg\"alt=\"02\">\r\n\t\t\t\t\t\t\t\t\t\t\t\t\t<\/a>\r\n\t\t\t\t\t\t\t\t\t\t\t<\/div>\r\n\t\t\t\t\t\t\t\t\t\t\t\t\t\t\t<div class=\"wd-gallery-item\">\r\n\t\t\t\t\t\t\t\t\t\t\t\t\t<a  href=\"https:\/\/www.novelaritma.com\/wp-content\/uploads\/2022\/09\/03-1.jpg\"data-width=\"1024\" data-height=\"768\" data-index=\"3\" data-elementor-open-lightbox=\"no\">\r\n\t\t\t\t\t\t\r\n\t\t\t\t\t\t<img decoding=\"async\" src=\"https:\/\/www.novelaritma.com\/wp-content\/uploads\/2022\/09\/03-1.jpg\"alt=\"03\">\r\n\t\t\t\t\t\t\t\t\t\t\t\t\t<\/a>\r\n\t\t\t\t\t\t\t\t\t\t\t<\/div>\r\n\t\t\t\t\t\t\t\t\t\t\t\t\t\t\t<div class=\"wd-gallery-item\">\r\n\t\t\t\t\t\t\t\t\t\t\t\t\t<a  href=\"https:\/\/www.novelaritma.com\/wp-content\/uploads\/2022\/09\/04-1.jpg\"data-width=\"1024\" data-height=\"768\" data-index=\"4\" data-elementor-open-lightbox=\"no\">\r\n\t\t\t\t\t\t\r\n\t\t\t\t\t\t<img decoding=\"async\" src=\"https:\/\/www.novelaritma.com\/wp-content\/uploads\/2022\/09\/04-1.jpg\"alt=\"04\">\r\n\t\t\t\t\t\t\t\t\t\t\t\t\t<\/a>\r\n\t\t\t\t\t\t\t\t\t\t\t<\/div>\r\n\t\t\t\t\t\t\t\t\t\t\t\t\t\t\t<div class=\"wd-gallery-item\">\r\n\t\t\t\t\t\t\t\t\t\t\t\t\t<a  href=\"https:\/\/www.novelaritma.com\/wp-content\/uploads\/2022\/09\/05-1.jpg\"data-width=\"1024\" data-height=\"768\" data-index=\"5\" data-elementor-open-lightbox=\"no\">\r\n\t\t\t\t\t\t\r\n\t\t\t\t\t\t<img decoding=\"async\" src=\"https:\/\/www.novelaritma.com\/wp-content\/uploads\/2022\/09\/05-1.jpg\"alt=\"05\">\r\n\t\t\t\t\t\t\t\t\t\t\t\t\t<\/a>\r\n\t\t\t\t\t\t\t\t\t\t\t<\/div>\r\n\t\t\t\t\t\t\t\t<\/div>\r\n\t\t<\/div>\r\n\t\t\t\t<\/div>\n\t\t\t\t<\/div>\n\t\t\t\t\t<\/div>\n\t\t<\/div>\n\t\t\t\t\t\t\t<\/div>\n\t\t<\/section>\n\t\t\t\t\t\t\t<\/div>","protected":false},"excerpt":{"rendered":"","protected":false},"author":1,"featured_media":0,"parent":0,"menu_order":0,"comment_status":"closed","ping_status":"closed","template":"","meta":{"footnotes":""},"class_list":["post-13062","page","type-page","status-publish","hentry"],"_links":{"self":[{"href":"https:\/\/www.novelaritma.com\/en\/wp-json\/wp\/v2\/pages\/13062","targetHints":{"allow":["GET"]}}],"collection":[{"href":"https:\/\/www.novelaritma.com\/en\/wp-json\/wp\/v2\/pages"}],"about":[{"href":"https:\/\/www.novelaritma.com\/en\/wp-json\/wp\/v2\/types\/page"}],"author":[{"embeddable":true,"href":"https:\/\/www.novelaritma.com\/en\/wp-json\/wp\/v2\/users\/1"}],"replies":[{"embeddable":true,"href":"https:\/\/www.novelaritma.com\/en\/wp-json\/wp\/v2\/comments?post=13062"}],"version-history":[{"count":6,"href":"https:\/\/www.novelaritma.com\/en\/wp-json\/wp\/v2\/pages\/13062\/revisions"}],"predecessor-version":[{"id":13548,"href":"https:\/\/www.novelaritma.com\/en\/wp-json\/wp\/v2\/pages\/13062\/revisions\/13548"}],"wp:attachment":[{"href":"https:\/\/www.novelaritma.com\/en\/wp-json\/wp\/v2\/media?parent=13062"}],"curies":[{"name":"wp","href":"https:\/\/api.w.org\/{rel}","templated":true}]}}