{"id":13002,"date":"2022-09-14T13:11:45","date_gmt":"2022-09-14T13:11:45","guid":{"rendered":"https:\/\/www.inodigital.com\/?page_id=13002"},"modified":"2022-10-18T08:49:29","modified_gmt":"2022-10-18T08:49:29","slug":"buseb-bursa-serbest-bolgesi-isleticisi-a-s-aat","status":"publish","type":"page","link":"https:\/\/www.novelaritma.com\/en\/buseb-bursa-serbest-bolgesi-isleticisi-a-s-aat\/","title":{"rendered":"BUSEB Bursa Serbest B\u00f6lgesi \u0130\u015fleticisi A.\u015e. AAT"},"content":{"rendered":"<div data-elementor-type=\"wp-page\" data-elementor-id=\"13002\" class=\"elementor elementor-13002\">\n\t\t\t\t\t\t\t\t\t<section class=\"wd-negative-gap elementor-section elementor-top-section elementor-element elementor-element-f9c0af3 elementor-section-boxed elementor-section-height-default elementor-section-height-default wd-section-disabled\" data-id=\"f9c0af3\" data-element_type=\"section\">\n\t\t\t\t\t\t<div class=\"elementor-container elementor-column-gap-default\">\n\t\t\t\t\t<div class=\"elementor-column elementor-col-100 elementor-top-column elementor-element elementor-element-ca11881\" data-id=\"ca11881\" data-element_type=\"column\">\n\t\t\t<div class=\"elementor-widget-wrap elementor-element-populated\">\n\t\t\t\t\t\t\t\t<div class=\"elementor-element elementor-element-e702b9d elementor-widget elementor-widget-wd_images_gallery\" data-id=\"e702b9d\" data-element_type=\"widget\" data-widget_type=\"wd_images_gallery.default\">\n\t\t\t\t<div class=\"elementor-widget-container\">\n\t\t\t\t\t\t<link rel=\"stylesheet\" id=\"wd-photoswipe-css\" href=\"https:\/\/www.novelaritma.com\/wp-content\/themes\/woodmart\/css\/parts\/lib-photoswipe.min.css?ver=6.5.4\" type=\"text\/css\" media=\"all\" \/> \t\t\t\t\t\t<link rel=\"stylesheet\" id=\"wd-owl-carousel-css\" href=\"https:\/\/www.novelaritma.com\/wp-content\/themes\/woodmart\/css\/parts\/lib-owl-carousel.min.css?ver=6.5.4\" type=\"text\/css\" media=\"all\" \/> \t\t\t\t\t\t<link rel=\"stylesheet\" id=\"wd-image-gallery-css\" href=\"https:\/\/www.novelaritma.com\/wp-content\/themes\/woodmart\/css\/parts\/el-gallery.min.css?ver=6.5.4\" type=\"text\/css\" media=\"all\" \/> \t\t\t\t\t<div class=\"wd-images-gallery wd-justify-center wd-items-middle view-carousel photoswipe-images wd-carousel-spacing-2 wd-carousel-container\" data-owl-carousel data-speed=\"\" data-slides_per_view_tablet='{\"size\":\"\"}' data-slides_per_view_mobile='{\"size\":\"\"}' data-wrap=\"no\" data-hide_pagination_control=\"no\" data-hide_prev_next_buttons=\"no\" data-desktop=\"4\" data-tablet_landscape=\"4\" data-tablet=\"3\" data-mobile=\"1\">\r\n\t\t\t<div class=\"gallery-images owl-carousel owl-items-lg-4 owl-items-md-4 owl-items-sm-3 owl-items-xs-1\">\r\n\t\t\t\t\t\t\t\t\t\t\t\t\t\t<div class=\"wd-gallery-item\">\r\n\t\t\t\t\t\t\t\t\t\t\t\t\t<a  href=\"https:\/\/www.novelaritma.com\/wp-content\/uploads\/2022\/09\/SB-016.jpg\"data-width=\"898\" data-height=\"768\" data-index=\"1\" data-elementor-open-lightbox=\"no\">\r\n\t\t\t\t\t\t\r\n\t\t\t\t\t\t<img decoding=\"async\" src=\"https:\/\/www.novelaritma.com\/wp-content\/uploads\/2022\/09\/SB-016.jpg\"alt=\"SB-016\">\r\n\t\t\t\t\t\t\t\t\t\t\t\t\t<\/a>\r\n\t\t\t\t\t\t\t\t\t\t\t<\/div>\r\n\t\t\t\t\t\t\t\t\t\t\t\t\t\t\t<div class=\"wd-gallery-item\">\r\n\t\t\t\t\t\t\t\t\t\t\t\t\t<a  href=\"https:\/\/www.novelaritma.com\/wp-content\/uploads\/2022\/09\/SB-015.jpg\"data-width=\"1024\" data-height=\"768\" data-index=\"2\" data-elementor-open-lightbox=\"no\">\r\n\t\t\t\t\t\t\r\n\t\t\t\t\t\t<img decoding=\"async\" src=\"https:\/\/www.novelaritma.com\/wp-content\/uploads\/2022\/09\/SB-015.jpg\"alt=\"SB-015\">\r\n\t\t\t\t\t\t\t\t\t\t\t\t\t<\/a>\r\n\t\t\t\t\t\t\t\t\t\t\t<\/div>\r\n\t\t\t\t\t\t\t\t\t\t\t\t\t\t\t<div class=\"wd-gallery-item\">\r\n\t\t\t\t\t\t\t\t\t\t\t\t\t<a  href=\"https:\/\/www.novelaritma.com\/wp-content\/uploads\/2022\/09\/SB-014.jpg\"data-width=\"768\" data-height=\"768\" data-index=\"3\" data-elementor-open-lightbox=\"no\">\r\n\t\t\t\t\t\t\r\n\t\t\t\t\t\t<img decoding=\"async\" src=\"https:\/\/www.novelaritma.com\/wp-content\/uploads\/2022\/09\/SB-014.jpg\"alt=\"SB-014\">\r\n\t\t\t\t\t\t\t\t\t\t\t\t\t<\/a>\r\n\t\t\t\t\t\t\t\t\t\t\t<\/div>\r\n\t\t\t\t\t\t\t\t\t\t\t\t\t\t\t<div class=\"wd-gallery-item\">\r\n\t\t\t\t\t\t\t\t\t\t\t\t\t<a  href=\"https:\/\/www.novelaritma.com\/wp-content\/uploads\/2022\/09\/SB-013.jpg\"data-width=\"1024\" data-height=\"768\" data-index=\"4\" data-elementor-open-lightbox=\"no\">\r\n\t\t\t\t\t\t\r\n\t\t\t\t\t\t<img decoding=\"async\" src=\"https:\/\/www.novelaritma.com\/wp-content\/uploads\/2022\/09\/SB-013.jpg\"alt=\"SB-013\">\r\n\t\t\t\t\t\t\t\t\t\t\t\t\t<\/a>\r\n\t\t\t\t\t\t\t\t\t\t\t<\/div>\r\n\t\t\t\t\t\t\t\t\t\t\t\t\t\t\t<div class=\"wd-gallery-item\">\r\n\t\t\t\t\t\t\t\t\t\t\t\t\t<a  href=\"https:\/\/www.novelaritma.com\/wp-content\/uploads\/2022\/09\/SB-012.jpg\"data-width=\"1024\" data-height=\"768\" data-index=\"5\" data-elementor-open-lightbox=\"no\">\r\n\t\t\t\t\t\t\r\n\t\t\t\t\t\t<img decoding=\"async\" src=\"https:\/\/www.novelaritma.com\/wp-content\/uploads\/2022\/09\/SB-012.jpg\"alt=\"SB-012\">\r\n\t\t\t\t\t\t\t\t\t\t\t\t\t<\/a>\r\n\t\t\t\t\t\t\t\t\t\t\t<\/div>\r\n\t\t\t\t\t\t\t\t\t\t\t\t\t\t\t<div class=\"wd-gallery-item\">\r\n\t\t\t\t\t\t\t\t\t\t\t\t\t<a  href=\"https:\/\/www.novelaritma.com\/wp-content\/uploads\/2022\/09\/SB-010.jpg\"data-width=\"1024\" data-height=\"768\" data-index=\"6\" data-elementor-open-lightbox=\"no\">\r\n\t\t\t\t\t\t\r\n\t\t\t\t\t\t<img decoding=\"async\" src=\"https:\/\/www.novelaritma.com\/wp-content\/uploads\/2022\/09\/SB-010.jpg\"alt=\"SB-010\">\r\n\t\t\t\t\t\t\t\t\t\t\t\t\t<\/a>\r\n\t\t\t\t\t\t\t\t\t\t\t<\/div>\r\n\t\t\t\t\t\t\t\t\t\t\t\t\t\t\t<div class=\"wd-gallery-item\">\r\n\t\t\t\t\t\t\t\t\t\t\t\t\t<a  href=\"https:\/\/www.novelaritma.com\/wp-content\/uploads\/2022\/09\/SB-011.jpg\"data-width=\"768\" data-height=\"768\" data-index=\"7\" data-elementor-open-lightbox=\"no\">\r\n\t\t\t\t\t\t\r\n\t\t\t\t\t\t<img decoding=\"async\" src=\"https:\/\/www.novelaritma.com\/wp-content\/uploads\/2022\/09\/SB-011.jpg\"alt=\"SB-011\">\r\n\t\t\t\t\t\t\t\t\t\t\t\t\t<\/a>\r\n\t\t\t\t\t\t\t\t\t\t\t<\/div>\r\n\t\t\t\t\t\t\t\t\t\t\t\t\t\t\t<div class=\"wd-gallery-item\">\r\n\t\t\t\t\t\t\t\t\t\t\t\t\t<a  href=\"https:\/\/www.novelaritma.com\/wp-content\/uploads\/2022\/09\/SB-09.jpg\"data-width=\"1024\" data-height=\"768\" data-index=\"8\" data-elementor-open-lightbox=\"no\">\r\n\t\t\t\t\t\t\r\n\t\t\t\t\t\t<img decoding=\"async\" src=\"https:\/\/www.novelaritma.com\/wp-content\/uploads\/2022\/09\/SB-09.jpg\"alt=\"SB-09\">\r\n\t\t\t\t\t\t\t\t\t\t\t\t\t<\/a>\r\n\t\t\t\t\t\t\t\t\t\t\t<\/div>\r\n\t\t\t\t\t\t\t\t\t\t\t\t\t\t\t<div class=\"wd-gallery-item\">\r\n\t\t\t\t\t\t\t\t\t\t\t\t\t<a  href=\"https:\/\/www.novelaritma.com\/wp-content\/uploads\/2022\/09\/SB-08.jpg\"data-width=\"1024\" data-height=\"768\" data-index=\"9\" data-elementor-open-lightbox=\"no\">\r\n\t\t\t\t\t\t\r\n\t\t\t\t\t\t<img decoding=\"async\" src=\"https:\/\/www.novelaritma.com\/wp-content\/uploads\/2022\/09\/SB-08.jpg\"alt=\"SB-08\">\r\n\t\t\t\t\t\t\t\t\t\t\t\t\t<\/a>\r\n\t\t\t\t\t\t\t\t\t\t\t<\/div>\r\n\t\t\t\t\t\t\t\t\t\t\t\t\t\t\t<div class=\"wd-gallery-item\">\r\n\t\t\t\t\t\t\t\t\t\t\t\t\t<a  href=\"https:\/\/www.novelaritma.com\/wp-content\/uploads\/2022\/09\/SB-07-rotated.jpg\"data-width=\"1024\" data-height=\"576\" data-index=\"10\" data-elementor-open-lightbox=\"no\">\r\n\t\t\t\t\t\t\r\n\t\t\t\t\t\t<img decoding=\"async\" src=\"https:\/\/www.novelaritma.com\/wp-content\/uploads\/2022\/09\/SB-07-rotated.jpg\"alt=\"SB-07\">\r\n\t\t\t\t\t\t\t\t\t\t\t\t\t<\/a>\r\n\t\t\t\t\t\t\t\t\t\t\t<\/div>\r\n\t\t\t\t\t\t\t\t\t\t\t\t\t\t\t<div class=\"wd-gallery-item\">\r\n\t\t\t\t\t\t\t\t\t\t\t\t\t<a  href=\"https:\/\/www.novelaritma.com\/wp-content\/uploads\/2022\/09\/SB-05.jpg\"data-width=\"1024\" data-height=\"768\" data-index=\"11\" data-elementor-open-lightbox=\"no\">\r\n\t\t\t\t\t\t\r\n\t\t\t\t\t\t<img decoding=\"async\" src=\"https:\/\/www.novelaritma.com\/wp-content\/uploads\/2022\/09\/SB-05.jpg\"alt=\"SB-05\">\r\n\t\t\t\t\t\t\t\t\t\t\t\t\t<\/a>\r\n\t\t\t\t\t\t\t\t\t\t\t<\/div>\r\n\t\t\t\t\t\t\t\t\t\t\t\t\t\t\t<div class=\"wd-gallery-item\">\r\n\t\t\t\t\t\t\t\t\t\t\t\t\t<a  href=\"https:\/\/www.novelaritma.com\/wp-content\/uploads\/2022\/09\/SB-04.jpg\"data-width=\"1024\" data-height=\"768\" data-index=\"12\" data-elementor-open-lightbox=\"no\">\r\n\t\t\t\t\t\t\r\n\t\t\t\t\t\t<img decoding=\"async\" src=\"https:\/\/www.novelaritma.com\/wp-content\/uploads\/2022\/09\/SB-04.jpg\"alt=\"SB-04\">\r\n\t\t\t\t\t\t\t\t\t\t\t\t\t<\/a>\r\n\t\t\t\t\t\t\t\t\t\t\t<\/div>\r\n\t\t\t\t\t\t\t\t\t\t\t\t\t\t\t<div class=\"wd-gallery-item\">\r\n\t\t\t\t\t\t\t\t\t\t\t\t\t<a  href=\"https:\/\/www.novelaritma.com\/wp-content\/uploads\/2022\/09\/SB-03.jpg\"data-width=\"1024\" data-height=\"768\" data-index=\"13\" data-elementor-open-lightbox=\"no\">\r\n\t\t\t\t\t\t\r\n\t\t\t\t\t\t<img decoding=\"async\" src=\"https:\/\/www.novelaritma.com\/wp-content\/uploads\/2022\/09\/SB-03.jpg\"alt=\"SB-03\">\r\n\t\t\t\t\t\t\t\t\t\t\t\t\t<\/a>\r\n\t\t\t\t\t\t\t\t\t\t\t<\/div>\r\n\t\t\t\t\t\t\t\t\t\t\t\t\t\t\t<div class=\"wd-gallery-item\">\r\n\t\t\t\t\t\t\t\t\t\t\t\t\t<a  href=\"https:\/\/www.novelaritma.com\/wp-content\/uploads\/2022\/09\/SB-02.jpg\"data-width=\"883\" data-height=\"768\" data-index=\"14\" data-elementor-open-lightbox=\"no\">\r\n\t\t\t\t\t\t\r\n\t\t\t\t\t\t<img decoding=\"async\" src=\"https:\/\/www.novelaritma.com\/wp-content\/uploads\/2022\/09\/SB-02.jpg\"alt=\"SB-02\">\r\n\t\t\t\t\t\t\t\t\t\t\t\t\t<\/a>\r\n\t\t\t\t\t\t\t\t\t\t\t<\/div>\r\n\t\t\t\t\t\t\t\t\t\t\t\t\t\t\t<div class=\"wd-gallery-item\">\r\n\t\t\t\t\t\t\t\t\t\t\t\t\t<a  href=\"https:\/\/www.novelaritma.com\/wp-content\/uploads\/2022\/09\/SB-01.jpg\"data-width=\"1024\" data-height=\"768\" data-index=\"15\" data-elementor-open-lightbox=\"no\">\r\n\t\t\t\t\t\t\r\n\t\t\t\t\t\t<img decoding=\"async\" src=\"https:\/\/www.novelaritma.com\/wp-content\/uploads\/2022\/09\/SB-01.jpg\"alt=\"SB-01\">\r\n\t\t\t\t\t\t\t\t\t\t\t\t\t<\/a>\r\n\t\t\t\t\t\t\t\t\t\t\t<\/div>\r\n\t\t\t\t\t\t\t\t\t\t\t\t\t\t\t<div class=\"wd-gallery-item\">\r\n\t\t\t\t\t\t\t\t\t\t\t\t\t<a  href=\"https:\/\/www.novelaritma.com\/wp-content\/uploads\/2022\/09\/SB-06.jpg\"data-width=\"644\" data-height=\"957\" data-index=\"16\" data-elementor-open-lightbox=\"no\">\r\n\t\t\t\t\t\t\r\n\t\t\t\t\t\t<img decoding=\"async\" src=\"https:\/\/www.novelaritma.com\/wp-content\/uploads\/2022\/09\/SB-06.jpg\"alt=\"SB-06\">\r\n\t\t\t\t\t\t\t\t\t\t\t\t\t<\/a>\r\n\t\t\t\t\t\t\t\t\t\t\t<\/div>\r\n\t\t\t\t\t\t\t\t<\/div>\r\n\t\t<\/div>\r\n\t\t\t\t<\/div>\n\t\t\t\t<\/div>\n\t\t\t\t\t<\/div>\n\t\t<\/div>\n\t\t\t\t\t\t\t<\/div>\n\t\t<\/section>\n\t\t\t\t\t\t\t<\/div>","protected":false},"excerpt":{"rendered":"","protected":false},"author":1,"featured_media":0,"parent":0,"menu_order":0,"comment_status":"closed","ping_status":"closed","template":"","meta":{"footnotes":""},"class_list":["post-13002","page","type-page","status-publish","hentry"],"_links":{"self":[{"href":"https:\/\/www.novelaritma.com\/en\/wp-json\/wp\/v2\/pages\/13002","targetHints":{"allow":["GET"]}}],"collection":[{"href":"https:\/\/www.novelaritma.com\/en\/wp-json\/wp\/v2\/pages"}],"about":[{"href":"https:\/\/www.novelaritma.com\/en\/wp-json\/wp\/v2\/types\/page"}],"author":[{"embeddable":true,"href":"https:\/\/www.novelaritma.com\/en\/wp-json\/wp\/v2\/users\/1"}],"replies":[{"embeddable":true,"href":"https:\/\/www.novelaritma.com\/en\/wp-json\/wp\/v2\/comments?post=13002"}],"version-history":[{"count":12,"href":"https:\/\/www.novelaritma.com\/en\/wp-json\/wp\/v2\/pages\/13002\/revisions"}],"predecessor-version":[{"id":13402,"href":"https:\/\/www.novelaritma.com\/en\/wp-json\/wp\/v2\/pages\/13002\/revisions\/13402"}],"wp:attachment":[{"href":"https:\/\/www.novelaritma.com\/en\/wp-json\/wp\/v2\/media?parent=13002"}],"curies":[{"name":"wp","href":"https:\/\/api.w.org\/{rel}","templated":true}]}}