{"id":12890,"date":"2022-09-14T06:38:17","date_gmt":"2022-09-14T06:38:17","guid":{"rendered":"https:\/\/www.inodigital.com\/?page_id=12890"},"modified":"2022-10-18T09:18:07","modified_gmt":"2022-10-18T09:18:07","slug":"kirikkale-universitesi-aat-mekanik-ve-elektrik-isleri","status":"publish","type":"page","link":"https:\/\/www.novelaritma.com\/en\/kirikkale-universitesi-aat-mekanik-ve-elektrik-isleri\/","title":{"rendered":"K\u0131r\u0131kkale \u00dcniversitesi AAT Mekanik ve Elektrik \u0130\u015fleri"},"content":{"rendered":"<div data-elementor-type=\"wp-page\" data-elementor-id=\"12890\" class=\"elementor elementor-12890\">\n\t\t\t\t\t\t\t\t\t<section class=\"wd-negative-gap elementor-section elementor-top-section elementor-element elementor-element-c140308 elementor-section-boxed elementor-section-height-default elementor-section-height-default wd-section-disabled\" data-id=\"c140308\" data-element_type=\"section\">\n\t\t\t\t\t\t<div class=\"elementor-container elementor-column-gap-default\">\n\t\t\t\t\t<div class=\"elementor-column elementor-col-100 elementor-top-column elementor-element elementor-element-e39bc4e\" data-id=\"e39bc4e\" data-element_type=\"column\">\n\t\t\t<div class=\"elementor-widget-wrap elementor-element-populated\">\n\t\t\t\t\t\t\t\t<div class=\"elementor-element elementor-element-c3c99df elementor-widget elementor-widget-wd_images_gallery\" data-id=\"c3c99df\" data-element_type=\"widget\" data-widget_type=\"wd_images_gallery.default\">\n\t\t\t\t<div class=\"elementor-widget-container\">\n\t\t\t\t\t\t<link rel=\"stylesheet\" id=\"wd-photoswipe-css\" href=\"https:\/\/www.novelaritma.com\/wp-content\/themes\/woodmart\/css\/parts\/lib-photoswipe.min.css?ver=6.5.4\" type=\"text\/css\" media=\"all\" \/> \t\t\t\t\t\t<link rel=\"stylesheet\" id=\"wd-owl-carousel-css\" href=\"https:\/\/www.novelaritma.com\/wp-content\/themes\/woodmart\/css\/parts\/lib-owl-carousel.min.css?ver=6.5.4\" type=\"text\/css\" media=\"all\" \/> \t\t\t\t\t\t<link rel=\"stylesheet\" id=\"wd-image-gallery-css\" href=\"https:\/\/www.novelaritma.com\/wp-content\/themes\/woodmart\/css\/parts\/el-gallery.min.css?ver=6.5.4\" type=\"text\/css\" media=\"all\" \/> \t\t\t\t\t<div class=\"wd-images-gallery wd-justify-center wd-items-middle view-carousel photoswipe-images wd-carousel-spacing-2 wd-carousel-container\" data-owl-carousel data-speed=\"\" data-slides_per_view_tablet='{\"size\":\"\"}' data-slides_per_view_mobile='{\"size\":\"\"}' data-wrap=\"no\" data-hide_pagination_control=\"no\" data-hide_prev_next_buttons=\"no\" data-desktop=\"4\" data-tablet_landscape=\"4\" data-tablet=\"3\" data-mobile=\"1\">\r\n\t\t\t<div class=\"gallery-images owl-carousel owl-items-lg-4 owl-items-md-4 owl-items-sm-3 owl-items-xs-1\">\r\n\t\t\t\t\t\t\t\t\t\t\t\t\t\t<div class=\"wd-gallery-item\">\r\n\t\t\t\t\t\t\t\t\t\t\t\t\t<a  href=\"https:\/\/www.novelaritma.com\/wp-content\/uploads\/2022\/09\/k-16-rotated.jpg\"data-width=\"1024\" data-height=\"768\" data-index=\"1\" data-elementor-open-lightbox=\"no\">\r\n\t\t\t\t\t\t\r\n\t\t\t\t\t\t<img decoding=\"async\" src=\"https:\/\/www.novelaritma.com\/wp-content\/uploads\/2022\/09\/k-16-rotated.jpg\"alt=\"k (16)\">\r\n\t\t\t\t\t\t\t\t\t\t\t\t\t<\/a>\r\n\t\t\t\t\t\t\t\t\t\t\t<\/div>\r\n\t\t\t\t\t\t\t\t\t\t\t\t\t\t\t<div class=\"wd-gallery-item\">\r\n\t\t\t\t\t\t\t\t\t\t\t\t\t<a  href=\"https:\/\/www.novelaritma.com\/wp-content\/uploads\/2022\/09\/k-15.jpg\"data-width=\"1024\" data-height=\"646\" data-index=\"2\" data-elementor-open-lightbox=\"no\">\r\n\t\t\t\t\t\t\r\n\t\t\t\t\t\t<img decoding=\"async\" src=\"https:\/\/www.novelaritma.com\/wp-content\/uploads\/2022\/09\/k-15.jpg\"alt=\"k (15)\">\r\n\t\t\t\t\t\t\t\t\t\t\t\t\t<\/a>\r\n\t\t\t\t\t\t\t\t\t\t\t<\/div>\r\n\t\t\t\t\t\t\t\t\t\t\t\t\t\t\t<div class=\"wd-gallery-item\">\r\n\t\t\t\t\t\t\t\t\t\t\t\t\t<a  href=\"https:\/\/www.novelaritma.com\/wp-content\/uploads\/2022\/09\/k-14.jpg\"data-width=\"1024\" data-height=\"768\" data-index=\"3\" data-elementor-open-lightbox=\"no\">\r\n\t\t\t\t\t\t\r\n\t\t\t\t\t\t<img decoding=\"async\" src=\"https:\/\/www.novelaritma.com\/wp-content\/uploads\/2022\/09\/k-14.jpg\"alt=\"k (14)\">\r\n\t\t\t\t\t\t\t\t\t\t\t\t\t<\/a>\r\n\t\t\t\t\t\t\t\t\t\t\t<\/div>\r\n\t\t\t\t\t\t\t\t\t\t\t\t\t\t\t<div class=\"wd-gallery-item\">\r\n\t\t\t\t\t\t\t\t\t\t\t\t\t<a  href=\"https:\/\/www.novelaritma.com\/wp-content\/uploads\/2022\/09\/k-13.jpg\"data-width=\"1024\" data-height=\"768\" data-index=\"4\" data-elementor-open-lightbox=\"no\">\r\n\t\t\t\t\t\t\r\n\t\t\t\t\t\t<img decoding=\"async\" src=\"https:\/\/www.novelaritma.com\/wp-content\/uploads\/2022\/09\/k-13.jpg\"alt=\"k (13)\">\r\n\t\t\t\t\t\t\t\t\t\t\t\t\t<\/a>\r\n\t\t\t\t\t\t\t\t\t\t\t<\/div>\r\n\t\t\t\t\t\t\t\t\t\t\t\t\t\t\t<div class=\"wd-gallery-item\">\r\n\t\t\t\t\t\t\t\t\t\t\t\t\t<a  href=\"https:\/\/www.novelaritma.com\/wp-content\/uploads\/2022\/09\/k-12-rotated.jpg\"data-width=\"930\" data-height=\"768\" data-index=\"5\" data-elementor-open-lightbox=\"no\">\r\n\t\t\t\t\t\t\r\n\t\t\t\t\t\t<img decoding=\"async\" src=\"https:\/\/www.novelaritma.com\/wp-content\/uploads\/2022\/09\/k-12-rotated.jpg\"alt=\"k (12)\">\r\n\t\t\t\t\t\t\t\t\t\t\t\t\t<\/a>\r\n\t\t\t\t\t\t\t\t\t\t\t<\/div>\r\n\t\t\t\t\t\t\t\t\t\t\t\t\t\t\t<div class=\"wd-gallery-item\">\r\n\t\t\t\t\t\t\t\t\t\t\t\t\t<a  href=\"https:\/\/www.novelaritma.com\/wp-content\/uploads\/2022\/09\/k-11.jpg\"data-width=\"1024\" data-height=\"768\" data-index=\"6\" data-elementor-open-lightbox=\"no\">\r\n\t\t\t\t\t\t\r\n\t\t\t\t\t\t<img decoding=\"async\" src=\"https:\/\/www.novelaritma.com\/wp-content\/uploads\/2022\/09\/k-11.jpg\"alt=\"k (11)\">\r\n\t\t\t\t\t\t\t\t\t\t\t\t\t<\/a>\r\n\t\t\t\t\t\t\t\t\t\t\t<\/div>\r\n\t\t\t\t\t\t\t\t\t\t\t\t\t\t\t<div class=\"wd-gallery-item\">\r\n\t\t\t\t\t\t\t\t\t\t\t\t\t<a  href=\"https:\/\/www.novelaritma.com\/wp-content\/uploads\/2022\/09\/k-10.jpg\"data-width=\"1024\" data-height=\"768\" data-index=\"7\" data-elementor-open-lightbox=\"no\">\r\n\t\t\t\t\t\t\r\n\t\t\t\t\t\t<img decoding=\"async\" src=\"https:\/\/www.novelaritma.com\/wp-content\/uploads\/2022\/09\/k-10.jpg\"alt=\"k (10)\">\r\n\t\t\t\t\t\t\t\t\t\t\t\t\t<\/a>\r\n\t\t\t\t\t\t\t\t\t\t\t<\/div>\r\n\t\t\t\t\t\t\t\t\t\t\t\t\t\t\t<div class=\"wd-gallery-item\">\r\n\t\t\t\t\t\t\t\t\t\t\t\t\t<a  href=\"https:\/\/www.novelaritma.com\/wp-content\/uploads\/2022\/09\/k-9.jpg\"data-width=\"1024\" data-height=\"768\" data-index=\"8\" data-elementor-open-lightbox=\"no\">\r\n\t\t\t\t\t\t\r\n\t\t\t\t\t\t<img decoding=\"async\" src=\"https:\/\/www.novelaritma.com\/wp-content\/uploads\/2022\/09\/k-9.jpg\"alt=\"k (9)\">\r\n\t\t\t\t\t\t\t\t\t\t\t\t\t<\/a>\r\n\t\t\t\t\t\t\t\t\t\t\t<\/div>\r\n\t\t\t\t\t\t\t\t\t\t\t\t\t\t\t<div class=\"wd-gallery-item\">\r\n\t\t\t\t\t\t\t\t\t\t\t\t\t<a  href=\"https:\/\/www.novelaritma.com\/wp-content\/uploads\/2022\/09\/k-8.jpg\"data-width=\"1024\" data-height=\"768\" data-index=\"9\" data-elementor-open-lightbox=\"no\">\r\n\t\t\t\t\t\t\r\n\t\t\t\t\t\t<img decoding=\"async\" src=\"https:\/\/www.novelaritma.com\/wp-content\/uploads\/2022\/09\/k-8.jpg\"alt=\"k (8)\">\r\n\t\t\t\t\t\t\t\t\t\t\t\t\t<\/a>\r\n\t\t\t\t\t\t\t\t\t\t\t<\/div>\r\n\t\t\t\t\t\t\t\t\t\t\t\t\t\t\t<div class=\"wd-gallery-item\">\r\n\t\t\t\t\t\t\t\t\t\t\t\t\t<a  href=\"https:\/\/www.novelaritma.com\/wp-content\/uploads\/2022\/09\/k-7-rotated.jpg\"data-width=\"1024\" data-height=\"768\" data-index=\"10\" data-elementor-open-lightbox=\"no\">\r\n\t\t\t\t\t\t\r\n\t\t\t\t\t\t<img decoding=\"async\" src=\"https:\/\/www.novelaritma.com\/wp-content\/uploads\/2022\/09\/k-7-rotated.jpg\"alt=\"k (7)\">\r\n\t\t\t\t\t\t\t\t\t\t\t\t\t<\/a>\r\n\t\t\t\t\t\t\t\t\t\t\t<\/div>\r\n\t\t\t\t\t\t\t\t\t\t\t\t\t\t\t<div class=\"wd-gallery-item\">\r\n\t\t\t\t\t\t\t\t\t\t\t\t\t<a  href=\"https:\/\/www.novelaritma.com\/wp-content\/uploads\/2022\/09\/k-6.jpg\"data-width=\"1024\" data-height=\"768\" data-index=\"11\" data-elementor-open-lightbox=\"no\">\r\n\t\t\t\t\t\t\r\n\t\t\t\t\t\t<img decoding=\"async\" src=\"https:\/\/www.novelaritma.com\/wp-content\/uploads\/2022\/09\/k-6.jpg\"alt=\"k (6)\">\r\n\t\t\t\t\t\t\t\t\t\t\t\t\t<\/a>\r\n\t\t\t\t\t\t\t\t\t\t\t<\/div>\r\n\t\t\t\t\t\t\t\t\t\t\t\t\t\t\t<div class=\"wd-gallery-item\">\r\n\t\t\t\t\t\t\t\t\t\t\t\t\t<a  href=\"https:\/\/www.novelaritma.com\/wp-content\/uploads\/2022\/09\/k-5-rotated.jpg\"data-width=\"1024\" data-height=\"768\" data-index=\"12\" data-elementor-open-lightbox=\"no\">\r\n\t\t\t\t\t\t\r\n\t\t\t\t\t\t<img decoding=\"async\" src=\"https:\/\/www.novelaritma.com\/wp-content\/uploads\/2022\/09\/k-5-rotated.jpg\"alt=\"k (5)\">\r\n\t\t\t\t\t\t\t\t\t\t\t\t\t<\/a>\r\n\t\t\t\t\t\t\t\t\t\t\t<\/div>\r\n\t\t\t\t\t\t\t\t\t\t\t\t\t\t\t<div class=\"wd-gallery-item\">\r\n\t\t\t\t\t\t\t\t\t\t\t\t\t<a  href=\"https:\/\/www.novelaritma.com\/wp-content\/uploads\/2022\/09\/k-4.jpg\"data-width=\"1024\" data-height=\"768\" data-index=\"13\" data-elementor-open-lightbox=\"no\">\r\n\t\t\t\t\t\t\r\n\t\t\t\t\t\t<img decoding=\"async\" src=\"https:\/\/www.novelaritma.com\/wp-content\/uploads\/2022\/09\/k-4.jpg\"alt=\"k (4)\">\r\n\t\t\t\t\t\t\t\t\t\t\t\t\t<\/a>\r\n\t\t\t\t\t\t\t\t\t\t\t<\/div>\r\n\t\t\t\t\t\t\t\t\t\t\t\t\t\t\t<div class=\"wd-gallery-item\">\r\n\t\t\t\t\t\t\t\t\t\t\t\t\t<a  href=\"https:\/\/www.novelaritma.com\/wp-content\/uploads\/2022\/09\/k-3.jpg\"data-width=\"1024\" data-height=\"768\" data-index=\"14\" data-elementor-open-lightbox=\"no\">\r\n\t\t\t\t\t\t\r\n\t\t\t\t\t\t<img decoding=\"async\" src=\"https:\/\/www.novelaritma.com\/wp-content\/uploads\/2022\/09\/k-3.jpg\"alt=\"k (3)\">\r\n\t\t\t\t\t\t\t\t\t\t\t\t\t<\/a>\r\n\t\t\t\t\t\t\t\t\t\t\t<\/div>\r\n\t\t\t\t\t\t\t\t\t\t\t\t\t\t\t<div class=\"wd-gallery-item\">\r\n\t\t\t\t\t\t\t\t\t\t\t\t\t<a  href=\"https:\/\/www.novelaritma.com\/wp-content\/uploads\/2022\/09\/k-2.jpg\"data-width=\"1024\" data-height=\"768\" data-index=\"15\" data-elementor-open-lightbox=\"no\">\r\n\t\t\t\t\t\t\r\n\t\t\t\t\t\t<img decoding=\"async\" src=\"https:\/\/www.novelaritma.com\/wp-content\/uploads\/2022\/09\/k-2.jpg\"alt=\"k (2)\">\r\n\t\t\t\t\t\t\t\t\t\t\t\t\t<\/a>\r\n\t\t\t\t\t\t\t\t\t\t\t<\/div>\r\n\t\t\t\t\t\t\t\t\t\t\t\t\t\t\t<div class=\"wd-gallery-item\">\r\n\t\t\t\t\t\t\t\t\t\t\t\t\t<a  href=\"https:\/\/www.novelaritma.com\/wp-content\/uploads\/2022\/09\/k-1.jpg\"data-width=\"1024\" data-height=\"768\" data-index=\"16\" data-elementor-open-lightbox=\"no\">\r\n\t\t\t\t\t\t\r\n\t\t\t\t\t\t<img decoding=\"async\" src=\"https:\/\/www.novelaritma.com\/wp-content\/uploads\/2022\/09\/k-1.jpg\"alt=\"k (1)\">\r\n\t\t\t\t\t\t\t\t\t\t\t\t\t<\/a>\r\n\t\t\t\t\t\t\t\t\t\t\t<\/div>\r\n\t\t\t\t\t\t\t\t<\/div>\r\n\t\t<\/div>\r\n\t\t\t\t<\/div>\n\t\t\t\t<\/div>\n\t\t\t\t\t<\/div>\n\t\t<\/div>\n\t\t\t\t\t\t\t<\/div>\n\t\t<\/section>\n\t\t\t\t\t\t\t<\/div>","protected":false},"excerpt":{"rendered":"","protected":false},"author":1,"featured_media":0,"parent":0,"menu_order":0,"comment_status":"closed","ping_status":"closed","template":"","meta":{"footnotes":""},"class_list":["post-12890","page","type-page","status-publish","hentry"],"_links":{"self":[{"href":"https:\/\/www.novelaritma.com\/en\/wp-json\/wp\/v2\/pages\/12890","targetHints":{"allow":["GET"]}}],"collection":[{"href":"https:\/\/www.novelaritma.com\/en\/wp-json\/wp\/v2\/pages"}],"about":[{"href":"https:\/\/www.novelaritma.com\/en\/wp-json\/wp\/v2\/types\/page"}],"author":[{"embeddable":true,"href":"https:\/\/www.novelaritma.com\/en\/wp-json\/wp\/v2\/users\/1"}],"replies":[{"embeddable":true,"href":"https:\/\/www.novelaritma.com\/en\/wp-json\/wp\/v2\/comments?post=12890"}],"version-history":[{"count":6,"href":"https:\/\/www.novelaritma.com\/en\/wp-json\/wp\/v2\/pages\/12890\/revisions"}],"predecessor-version":[{"id":13491,"href":"https:\/\/www.novelaritma.com\/en\/wp-json\/wp\/v2\/pages\/12890\/revisions\/13491"}],"wp:attachment":[{"href":"https:\/\/www.novelaritma.com\/en\/wp-json\/wp\/v2\/media?parent=12890"}],"curies":[{"name":"wp","href":"https:\/\/api.w.org\/{rel}","templated":true}]}}