{"id":12557,"date":"2022-09-05T12:49:49","date_gmt":"2022-09-05T12:49:49","guid":{"rendered":"https:\/\/www.inodigital.com\/?page_id=12557"},"modified":"2022-10-18T10:59:48","modified_gmt":"2022-10-18T10:59:48","slug":"hakkimizda","status":"publish","type":"page","link":"https:\/\/www.novelaritma.com\/en\/hakkimizda\/","title":{"rendered":"About Us"},"content":{"rendered":"<div data-elementor-type=\"wp-page\" data-elementor-id=\"12557\" class=\"elementor elementor-12557\">\n\t\t\t\t\t\t\t\t\t<section class=\"wd-negative-gap elementor-section elementor-top-section elementor-element elementor-element-58d91a7 elementor-section-boxed elementor-section-height-default elementor-section-height-default wd-section-disabled\" data-id=\"58d91a7\" data-element_type=\"section\">\n\t\t\t\t\t\t<div class=\"elementor-container elementor-column-gap-default\">\n\t\t\t\t\t<div class=\"elementor-column elementor-col-50 elementor-top-column elementor-element elementor-element-3bb622b\" data-id=\"3bb622b\" data-element_type=\"column\">\n\t\t\t<div class=\"elementor-widget-wrap elementor-element-populated\">\n\t\t\t\t\t\t\t\t<div class=\"elementor-element elementor-element-a73ffde elementor-widget elementor-widget-wd_title\" data-id=\"a73ffde\" data-element_type=\"widget\" data-widget_type=\"wd_title.default\">\n\t\t\t\t<div class=\"elementor-widget-container\">\n\t\t\t\t\t\t<link rel=\"stylesheet\" id=\"wd-section-title-css\" href=\"https:\/\/www.novelaritma.com\/wp-content\/themes\/woodmart\/css\/parts\/el-section-title.min.css?ver=6.5.4\" type=\"text\/css\" media=\"all\" \/> \t\t\t\t\t<div class=\"title-wrapper set-mb-s reset-last-child wd-title-color-primary wd-title-style-underlined wd-title-size-default text-left\">\n\n\t\t\t\n\t\t\t<div class=\"liner-continer\">\n\t\t\t\t<h4 class=\"woodmart-title-container title wd-fontsize-l\">About Us<\/h4> \n\t\t\t\t\t\t\t<\/div>\n\n\t\t\t\t\t\t\t<div class=\"title-after_title set-cont-mb-s reset-last-child wd-fontsize-xs\">\n\t\t\t\t\tNOVEL Ar\u0131tma, provides turnkey construction of domestic and industrial wastewater treatment plants, operation and maintenance of these facilities, water supply and treatment, construction of package treatment units and gas treatment services; which are the basic solutions for the correct use of resources and preventing environmental pollution.<br><br \/>\nThe founding staff of our company have gained knowledge and experience in the fields of project, construction, manufacturing, installation and commissioning of such facilities by ensuring the establishment and operation of dozens of domestic and industrial wastewater treatment plants.<br><br \/>\nOur firm is proud to contribute to the creation of a livable environment in Turkey and in the world by using its knowledge at the disposal of both public and private sector with the construction of domestic and industrial treatment plants, odor removal facilities, drinking water treatment plants, Project and consultancy services, infrastructure and superstructure constructions.<br \/>\n\t\t\t\t<\/div>\n\t\t\t\t\t<\/div>\n\t\t\t\t<\/div>\n\t\t\t\t<\/div>\n\t\t\t\t\t<\/div>\n\t\t<\/div>\n\t\t\t\t<div class=\"elementor-column elementor-col-50 elementor-top-column elementor-element elementor-element-1d5f859\" data-id=\"1d5f859\" data-element_type=\"column\">\n\t\t\t<div class=\"elementor-widget-wrap elementor-element-populated\">\n\t\t\t\t\t\t\t\t<div class=\"elementor-element elementor-element-f86c726 elementor-widget elementor-widget-wd_image_or_svg\" data-id=\"f86c726\" data-element_type=\"widget\" data-widget_type=\"wd_image_or_svg.default\">\n\t\t\t\t<div class=\"elementor-widget-container\">\n\t\t\t\n\t\t<div class=\"wd-image text-left\">\n\t\t\t\t\t\t\t\t<img decoding=\"async\" width=\"1024\" height=\"768\" src=\"https:\/\/www.novelaritma.com\/wp-content\/uploads\/2022\/09\/03.webp\" class=\"attachment-full size-full wp-image-12697\" alt=\"\" srcset=\"https:\/\/www.novelaritma.com\/wp-content\/uploads\/2022\/09\/03.webp 1024w, https:\/\/www.novelaritma.com\/wp-content\/uploads\/2022\/09\/03-400x300.webp 400w, https:\/\/www.novelaritma.com\/wp-content\/uploads\/2022\/09\/03-768x576.webp 768w, https:\/\/www.novelaritma.com\/wp-content\/uploads\/2022\/09\/03-16x12.webp 16w, https:\/\/www.novelaritma.com\/wp-content\/uploads\/2022\/09\/03-860x645.webp 860w, https:\/\/www.novelaritma.com\/wp-content\/uploads\/2022\/09\/03-430x323.webp 430w, https:\/\/www.novelaritma.com\/wp-content\/uploads\/2022\/09\/03-700x525.webp 700w, https:\/\/www.novelaritma.com\/wp-content\/uploads\/2022\/09\/03-150x113.webp 150w\" sizes=\"(max-width: 1024px) 100vw, 1024px\" \/>\t\t\t\t\t<\/div>\n\n\t\t\t\t<\/div>\n\t\t\t\t<\/div>\n\t\t\t\t\t<\/div>\n\t\t<\/div>\n\t\t\t\t\t\t\t<\/div>\n\t\t<\/section>\n\t\t\t\t<section class=\"wd-negative-gap elementor-section elementor-top-section elementor-element elementor-element-41114a3 elementor-section-boxed elementor-section-height-default elementor-section-height-default wd-section-disabled\" data-id=\"41114a3\" data-element_type=\"section\">\n\t\t\t\t\t\t<div class=\"elementor-container elementor-column-gap-default\">\n\t\t\t\t\t<div class=\"elementor-column elementor-col-50 elementor-top-column elementor-element elementor-element-f320324\" data-id=\"f320324\" data-element_type=\"column\">\n\t\t\t<div class=\"elementor-widget-wrap elementor-element-populated\">\n\t\t\t\t\t\t\t\t<div class=\"elementor-element elementor-element-da476c9 elementor-widget elementor-widget-wd_image_or_svg\" data-id=\"da476c9\" data-element_type=\"widget\" data-widget_type=\"wd_image_or_svg.default\">\n\t\t\t\t<div class=\"elementor-widget-container\">\n\t\t\t\n\t\t<div class=\"wd-image text-left\">\n\t\t\t\t\t\t\t\t<img decoding=\"async\" width=\"1024\" height=\"768\" src=\"https:\/\/www.novelaritma.com\/wp-content\/uploads\/2022\/09\/Pelitkoy-03.jpg\" class=\"attachment-full size-full wp-image-12972\" alt=\"\" srcset=\"https:\/\/www.novelaritma.com\/wp-content\/uploads\/2022\/09\/Pelitkoy-03.jpg 1024w, https:\/\/www.novelaritma.com\/wp-content\/uploads\/2022\/09\/Pelitkoy-03-400x300.jpg 400w, https:\/\/www.novelaritma.com\/wp-content\/uploads\/2022\/09\/Pelitkoy-03-768x576.jpg 768w, https:\/\/www.novelaritma.com\/wp-content\/uploads\/2022\/09\/Pelitkoy-03-16x12.jpg 16w\" sizes=\"(max-width: 1024px) 100vw, 1024px\" \/>\t\t\t\t\t<\/div>\n\n\t\t\t\t<\/div>\n\t\t\t\t<\/div>\n\t\t\t\t\t<\/div>\n\t\t<\/div>\n\t\t\t\t<div class=\"elementor-column elementor-col-50 elementor-top-column elementor-element elementor-element-4336c83\" data-id=\"4336c83\" data-element_type=\"column\">\n\t\t\t<div class=\"elementor-widget-wrap elementor-element-populated\">\n\t\t\t\t\t\t\t\t<div class=\"elementor-element elementor-element-8bf91e7 elementor-widget elementor-widget-wd_title\" data-id=\"8bf91e7\" data-element_type=\"widget\" data-widget_type=\"wd_title.default\">\n\t\t\t\t<div class=\"elementor-widget-container\">\n\t\t\t\t\t<div class=\"title-wrapper set-mb-s reset-last-child wd-title-color-alt wd-title-style-underlined wd-title-size-default text-left\">\n\n\t\t\t\n\t\t\t<div class=\"liner-continer\">\n\t\t\t\t<h4 class=\"woodmart-title-container title wd-fontsize-l\">Our Vision<\/h4> \n\t\t\t\t\t\t\t<\/div>\n\n\t\t\t\t\t\t\t<div class=\"title-after_title set-cont-mb-s reset-last-child wd-fontsize-xs\">\n\t\t\t\t\t<p>NOVEL Ar\u0131tma is an organization that strives to create customer loyalty beyond customer satisfaction and aims to effectively monitor the changes in expectations in all its fields of activity.<\/p>\t\t\t\t<\/div>\n\t\t\t\t\t<\/div>\n\t\t\t\t<\/div>\n\t\t\t\t<\/div>\n\t\t\t\t\t<\/div>\n\t\t<\/div>\n\t\t\t\t\t\t\t<\/div>\n\t\t<\/section>\n\t\t\t\t<section class=\"wd-negative-gap elementor-section elementor-top-section elementor-element elementor-element-5f16b1c elementor-section-boxed elementor-section-height-default elementor-section-height-default wd-section-disabled\" data-id=\"5f16b1c\" data-element_type=\"section\">\n\t\t\t\t\t\t<div class=\"elementor-container elementor-column-gap-default\">\n\t\t\t\t\t<div class=\"elementor-column elementor-col-50 elementor-top-column elementor-element elementor-element-1081c4a\" data-id=\"1081c4a\" data-element_type=\"column\">\n\t\t\t<div class=\"elementor-widget-wrap elementor-element-populated\">\n\t\t\t\t\t\t\t\t<div class=\"elementor-element elementor-element-e79cc35 elementor-widget elementor-widget-wd_title\" data-id=\"e79cc35\" data-element_type=\"widget\" data-widget_type=\"wd_title.default\">\n\t\t\t\t<div class=\"elementor-widget-container\">\n\t\t\t\t\t<div class=\"title-wrapper set-mb-s reset-last-child wd-title-color-primary wd-title-style-underlined wd-title-size-default text-left\">\n\n\t\t\t\n\t\t\t<div class=\"liner-continer\">\n\t\t\t\t<h4 class=\"woodmart-title-container title wd-fontsize-l\">Our Mission<\/h4> \n\t\t\t\t\t\t\t<\/div>\n\n\t\t\t\t\t\t\t<div class=\"title-after_title set-cont-mb-s reset-last-child wd-fontsize-xs\">\n\t\t\t\t\tIn the Environmental Technologies Sector, from the project stage to the end of the work, to undertake the establishment of turnkey facilities in the best way and to guarantee full customer satisfaction.\t\t\t\t<\/div>\n\t\t\t\t\t<\/div>\n\t\t\t\t<\/div>\n\t\t\t\t<\/div>\n\t\t\t\t\t<\/div>\n\t\t<\/div>\n\t\t\t\t<div class=\"elementor-column elementor-col-50 elementor-top-column elementor-element elementor-element-ec5477a\" data-id=\"ec5477a\" data-element_type=\"column\">\n\t\t\t<div class=\"elementor-widget-wrap elementor-element-populated\">\n\t\t\t\t\t\t\t\t<div class=\"elementor-element elementor-element-c6616fe elementor-widget elementor-widget-wd_image_or_svg\" data-id=\"c6616fe\" data-element_type=\"widget\" data-widget_type=\"wd_image_or_svg.default\">\n\t\t\t\t<div class=\"elementor-widget-container\">\n\t\t\t\n\t\t<div class=\"wd-image text-left\">\n\t\t\t\t\t\t\t\t<img decoding=\"async\" width=\"1024\" height=\"768\" src=\"https:\/\/www.novelaritma.com\/wp-content\/uploads\/2022\/09\/SB-03.jpg\" class=\"attachment-full size-full wp-image-13006\" alt=\"\" srcset=\"https:\/\/www.novelaritma.com\/wp-content\/uploads\/2022\/09\/SB-03.jpg 1024w, https:\/\/www.novelaritma.com\/wp-content\/uploads\/2022\/09\/SB-03-400x300.jpg 400w, https:\/\/www.novelaritma.com\/wp-content\/uploads\/2022\/09\/SB-03-768x576.jpg 768w, https:\/\/www.novelaritma.com\/wp-content\/uploads\/2022\/09\/SB-03-16x12.jpg 16w\" sizes=\"(max-width: 1024px) 100vw, 1024px\" \/>\t\t\t\t\t<\/div>\n\n\t\t\t\t<\/div>\n\t\t\t\t<\/div>\n\t\t\t\t\t<\/div>\n\t\t<\/div>\n\t\t\t\t\t\t\t<\/div>\n\t\t<\/section>\n\t\t\t\t<section class=\"wd-negative-gap elementor-section elementor-top-section elementor-element elementor-element-f54b49e elementor-section-boxed elementor-section-height-default elementor-section-height-default wd-section-disabled\" data-id=\"f54b49e\" data-element_type=\"section\">\n\t\t\t\t\t\t<div class=\"elementor-container elementor-column-gap-default\">\n\t\t\t\t\t<div class=\"elementor-column elementor-col-50 elementor-top-column elementor-element elementor-element-aaa891c\" data-id=\"aaa891c\" data-element_type=\"column\">\n\t\t\t<div class=\"elementor-widget-wrap elementor-element-populated\">\n\t\t\t\t\t\t\t\t<div class=\"elementor-element elementor-element-c3bbabd elementor-widget elementor-widget-wd_image_or_svg\" data-id=\"c3bbabd\" data-element_type=\"widget\" data-widget_type=\"wd_image_or_svg.default\">\n\t\t\t\t<div class=\"elementor-widget-container\">\n\t\t\t\n\t\t<div class=\"wd-image text-left\">\n\t\t\t\t\t\t\t\t<img decoding=\"async\" width=\"1024\" height=\"768\" src=\"https:\/\/www.novelaritma.com\/wp-content\/uploads\/2022\/09\/Cide-02.jpg\" class=\"attachment-full size-full wp-image-12826\" alt=\"\" srcset=\"https:\/\/www.novelaritma.com\/wp-content\/uploads\/2022\/09\/Cide-02.jpg 1024w, https:\/\/www.novelaritma.com\/wp-content\/uploads\/2022\/09\/Cide-02-400x300.jpg 400w, https:\/\/www.novelaritma.com\/wp-content\/uploads\/2022\/09\/Cide-02-768x576.jpg 768w, https:\/\/www.novelaritma.com\/wp-content\/uploads\/2022\/09\/Cide-02-16x12.jpg 16w\" sizes=\"(max-width: 1024px) 100vw, 1024px\" \/>\t\t\t\t\t<\/div>\n\n\t\t\t\t<\/div>\n\t\t\t\t<\/div>\n\t\t\t\t\t<\/div>\n\t\t<\/div>\n\t\t\t\t<div class=\"elementor-column elementor-col-50 elementor-top-column elementor-element elementor-element-4ff3a88\" data-id=\"4ff3a88\" data-element_type=\"column\">\n\t\t\t<div class=\"elementor-widget-wrap elementor-element-populated\">\n\t\t\t\t\t\t\t\t<div class=\"elementor-element elementor-element-9bdc1aa elementor-widget elementor-widget-wd_title\" data-id=\"9bdc1aa\" data-element_type=\"widget\" data-widget_type=\"wd_title.default\">\n\t\t\t\t<div class=\"elementor-widget-container\">\n\t\t\t\t\t<div class=\"title-wrapper set-mb-s reset-last-child wd-title-color-alt wd-title-style-underlined wd-title-size-default text-left\">\n\n\t\t\t\n\t\t\t<div class=\"liner-continer\">\n\t\t\t\t<h4 class=\"woodmart-title-container title wd-fontsize-l\">Our Quality Policy<\/h4> \n\t\t\t\t\t\t\t<\/div>\n\n\t\t\t\t\t\t\t<div class=\"title-after_title set-cont-mb-s reset-last-child wd-fontsize-xs\">\n\t\t\t\t\t<p>Our Quality Policy is to increase customer satisfaction by meeting customer requests on time<\/p><p>economically and completely, while performing all our activities in accordance with legal obligations<\/p><p>to adopt the understanding of quality management system to all employees and to ensure continuous improvement in the system<\/p>\t\t\t\t<\/div>\n\t\t\t\t\t<\/div>\n\t\t\t\t<\/div>\n\t\t\t\t<\/div>\n\t\t\t\t\t<\/div>\n\t\t<\/div>\n\t\t\t\t\t\t\t<\/div>\n\t\t<\/section>\n\t\t\t\t<section class=\"wd-negative-gap elementor-section elementor-top-section elementor-element elementor-element-eca230d elementor-section-boxed elementor-section-height-default elementor-section-height-default wd-section-disabled\" data-id=\"eca230d\" data-element_type=\"section\">\n\t\t\t\t\t\t<div class=\"elementor-container elementor-column-gap-default\">\n\t\t\t\t\t<div class=\"elementor-column elementor-col-50 elementor-top-column elementor-element elementor-element-0966ded\" data-id=\"0966ded\" data-element_type=\"column\">\n\t\t\t<div class=\"elementor-widget-wrap elementor-element-populated\">\n\t\t\t\t\t\t\t\t<div class=\"elementor-element elementor-element-ff2a123 elementor-widget elementor-widget-wd_title\" data-id=\"ff2a123\" data-element_type=\"widget\" data-widget_type=\"wd_title.default\">\n\t\t\t\t<div class=\"elementor-widget-container\">\n\t\t\t\t\t<div class=\"title-wrapper set-mb-s reset-last-child wd-title-color-primary wd-title-style-underlined wd-title-size-default text-left\">\n\n\t\t\t\n\t\t\t<div class=\"liner-continer\">\n\t\t\t\t<h4 class=\"woodmart-title-container title wd-fontsize-l\">Our Environment Policy<\/h4> \n\t\t\t\t\t\t\t<\/div>\n\n\t\t\t\t\t\t\t<div class=\"title-after_title set-cont-mb-s reset-last-child wd-fontsize-xs\">\n\t\t\t\t\t<p>We ensure that; we will raise awareness of our employees about the environment, to train them and to encourage them to participate,<\/p><p>We will minimize wastes at their source, reuse and recycle them whenever it is possible, and make sure that the wastes that cannot be recycled are disposed with appropriate methods,<\/p><p>We will use Energy, Raw materials, and Natural resources efficiently,<\/p><p>Our environmental policy will always be accessible to the public.<\/p>\t\t\t\t<\/div>\n\t\t\t\t\t<\/div>\n\t\t\t\t<\/div>\n\t\t\t\t<\/div>\n\t\t\t\t\t<\/div>\n\t\t<\/div>\n\t\t\t\t<div class=\"elementor-column elementor-col-50 elementor-top-column elementor-element elementor-element-19a7b08\" data-id=\"19a7b08\" data-element_type=\"column\">\n\t\t\t<div class=\"elementor-widget-wrap elementor-element-populated\">\n\t\t\t\t\t\t\t\t<div class=\"elementor-element elementor-element-3c4c72c elementor-widget elementor-widget-wd_image_or_svg\" data-id=\"3c4c72c\" data-element_type=\"widget\" data-widget_type=\"wd_image_or_svg.default\">\n\t\t\t\t<div class=\"elementor-widget-container\">\n\t\t\t\n\t\t<div class=\"wd-image text-left\">\n\t\t\t\t\t\t\t\t<img decoding=\"async\" width=\"1024\" height=\"768\" src=\"https:\/\/www.novelaritma.com\/wp-content\/uploads\/2022\/09\/S-011.jpg\" class=\"attachment-full size-full wp-image-13032\" alt=\"\" srcset=\"https:\/\/www.novelaritma.com\/wp-content\/uploads\/2022\/09\/S-011.jpg 1024w, https:\/\/www.novelaritma.com\/wp-content\/uploads\/2022\/09\/S-011-400x300.jpg 400w, https:\/\/www.novelaritma.com\/wp-content\/uploads\/2022\/09\/S-011-768x576.jpg 768w, https:\/\/www.novelaritma.com\/wp-content\/uploads\/2022\/09\/S-011-16x12.jpg 16w\" sizes=\"(max-width: 1024px) 100vw, 1024px\" \/>\t\t\t\t\t<\/div>\n\n\t\t\t\t<\/div>\n\t\t\t\t<\/div>\n\t\t\t\t\t<\/div>\n\t\t<\/div>\n\t\t\t\t\t\t\t<\/div>\n\t\t<\/section>\n\t\t\t\t<section class=\"wd-negative-gap elementor-section elementor-top-section elementor-element elementor-element-f2e3418 elementor-section-boxed elementor-section-height-default elementor-section-height-default wd-section-disabled\" data-id=\"f2e3418\" data-element_type=\"section\">\n\t\t\t\t\t\t<div class=\"elementor-container elementor-column-gap-default\">\n\t\t\t\t\t<div class=\"elementor-column elementor-col-50 elementor-top-column elementor-element elementor-element-d6a0305\" data-id=\"d6a0305\" data-element_type=\"column\">\n\t\t\t<div class=\"elementor-widget-wrap elementor-element-populated\">\n\t\t\t\t\t\t\t\t<div class=\"elementor-element elementor-element-e0fd564 elementor-widget elementor-widget-wd_image_or_svg\" data-id=\"e0fd564\" data-element_type=\"widget\" data-widget_type=\"wd_image_or_svg.default\">\n\t\t\t\t<div class=\"elementor-widget-container\">\n\t\t\t\n\t\t<div class=\"wd-image text-left\">\n\t\t\t\t\t\t\t\t<img decoding=\"async\" width=\"768\" height=\"1024\" src=\"https:\/\/www.novelaritma.com\/wp-content\/uploads\/2022\/09\/06-5.jpg\" class=\"attachment-full size-full wp-image-13142\" alt=\"\" srcset=\"https:\/\/www.novelaritma.com\/wp-content\/uploads\/2022\/09\/06-5.jpg 768w, https:\/\/www.novelaritma.com\/wp-content\/uploads\/2022\/09\/06-5-225x300.jpg 225w, https:\/\/www.novelaritma.com\/wp-content\/uploads\/2022\/09\/06-5-600x800.jpg 600w, https:\/\/www.novelaritma.com\/wp-content\/uploads\/2022\/09\/06-5-9x12.jpg 9w\" sizes=\"(max-width: 768px) 100vw, 768px\" \/>\t\t\t\t\t<\/div>\n\n\t\t\t\t<\/div>\n\t\t\t\t<\/div>\n\t\t\t\t\t<\/div>\n\t\t<\/div>\n\t\t\t\t<div class=\"elementor-column elementor-col-50 elementor-top-column elementor-element elementor-element-f1a5180\" data-id=\"f1a5180\" data-element_type=\"column\">\n\t\t\t<div class=\"elementor-widget-wrap elementor-element-populated\">\n\t\t\t\t\t\t\t\t<div class=\"elementor-element elementor-element-2dd5169 elementor-widget elementor-widget-wd_title\" data-id=\"2dd5169\" data-element_type=\"widget\" data-widget_type=\"wd_title.default\">\n\t\t\t\t<div class=\"elementor-widget-container\">\n\t\t\t\t\t<div class=\"title-wrapper set-mb-s reset-last-child wd-title-color-alt wd-title-style-underlined wd-title-size-default text-left\">\n\n\t\t\t\n\t\t\t<div class=\"liner-continer\">\n\t\t\t\t<h4 class=\"woodmart-title-container title wd-fontsize-l\">Our Occupational Health and Safety Policy<\/h4> \n\t\t\t\t\t\t\t<\/div>\n\n\t\t\t\t\t\t\t<div class=\"title-after_title set-cont-mb-s reset-last-child wd-fontsize-xs\">\n\t\t\t\t\t<p>To ensure that the OHS policy regarding the OHS management system is understood, implemented and sustainable by considering all employees and all departments, and to take all necessary measures in this  direction,<\/p><p>To protect the occupational health and safety of our employees, whom we see as the most valuable resource, and in this direction; to comply with the occupational health and safety and all legal regulations, especially with accident prevention and safety rules,<\/p><p>To ensure the continuous development of our OHS system by setting new goals and targets every year,  and thus to be one of the leading organizations in its sector.<\/p><p>To act together with all applicable laws and regulations in order to provide the best quality service to our customer\u2019s projects or requests,<\/p><p>To ensure the safety of the machinery, equipment and facilities that we use in our activities and also operational safety in the process and services,<\/p><p>To contribute to the development of responsibility awareness by ensuring that our managers and employees understand their place and responsibilities in this system with the training programs we organize,<\/p><p>To increase productivity with continuous improvement in the occupational health and safety management system,<\/p><p>To provide the necessary resources for the effective operation of the occupational health and safety management system,<\/p><p>To carry out periodic inspections to confirm that the OHS management system is operating effectively,<\/p><p>To minimize the effects of possible work accidents,<\/p><p>We are committed to establishing a good and effective communication channel with official institutions, authorities, suppliers, subcontractors, non-governmental organizations, local people, the whole society and other stakeholders on OHS issues<\/p><p>Being sensitive to the environment, maintaining the awareness of raising gains.<\/p>\t\t\t\t<\/div>\n\t\t\t\t\t<\/div>\n\t\t\t\t<\/div>\n\t\t\t\t<\/div>\n\t\t\t\t\t<\/div>\n\t\t<\/div>\n\t\t\t\t\t\t\t<\/div>\n\t\t<\/section>\n\t\t\t\t\t\t\t<\/div>","protected":false},"excerpt":{"rendered":"<p>Hakk\u0131m\u0131zda NOVEL Ar\u0131tma kaynaklar\u0131n do\u011fru kullan\u0131m\u0131n\u0131n ve \u00e7evre kirlili\u011fini \u00f6nleyebilmenin temel \u00e7\u00f6z\u00fcmlerinden olan evsel ve end\u00fcstriyel at\u0131ksu ar\u0131tma tesislerinin anahtar<\/p>","protected":false},"author":1,"featured_media":0,"parent":0,"menu_order":0,"comment_status":"closed","ping_status":"closed","template":"","meta":{"footnotes":""},"class_list":["post-12557","page","type-page","status-publish","hentry"],"_links":{"self":[{"href":"https:\/\/www.novelaritma.com\/en\/wp-json\/wp\/v2\/pages\/12557","targetHints":{"allow":["GET"]}}],"collection":[{"href":"https:\/\/www.novelaritma.com\/en\/wp-json\/wp\/v2\/pages"}],"about":[{"href":"https:\/\/www.novelaritma.com\/en\/wp-json\/wp\/v2\/types\/page"}],"author":[{"embeddable":true,"href":"https:\/\/www.novelaritma.com\/en\/wp-json\/wp\/v2\/users\/1"}],"replies":[{"embeddable":true,"href":"https:\/\/www.novelaritma.com\/en\/wp-json\/wp\/v2\/comments?post=12557"}],"version-history":[{"count":28,"href":"https:\/\/www.novelaritma.com\/en\/wp-json\/wp\/v2\/pages\/12557\/revisions"}],"predecessor-version":[{"id":13594,"href":"https:\/\/www.novelaritma.com\/en\/wp-json\/wp\/v2\/pages\/12557\/revisions\/13594"}],"wp:attachment":[{"href":"https:\/\/www.novelaritma.com\/en\/wp-json\/wp\/v2\/media?parent=12557"}],"curies":[{"name":"wp","href":"https:\/\/api.w.org\/{rel}","templated":true}]}}