{"id":12276,"date":"2022-05-31T11:14:59","date_gmt":"2022-05-31T11:14:59","guid":{"rendered":"http:\/\/www.inodigital.com\/?page_id=12276"},"modified":"2022-09-07T10:34:01","modified_gmt":"2022-09-07T10:34:01","slug":"atik-camur-kurutma","status":"publish","type":"page","link":"https:\/\/www.novelaritma.com\/en\/atik-camur-kurutma\/","title":{"rendered":"Waste Sludge Drying"},"content":{"rendered":"<div data-elementor-type=\"wp-page\" data-elementor-id=\"12276\" class=\"elementor elementor-12276\">\n\t\t\t\t\t\t\t\t\t<section class=\"wd-negative-gap elementor-section elementor-top-section elementor-element elementor-element-1e09b18 elementor-section-boxed elementor-section-height-default elementor-section-height-default wd-section-disabled\" data-id=\"1e09b18\" data-element_type=\"section\">\n\t\t\t\t\t\t<div class=\"elementor-container elementor-column-gap-default\">\n\t\t\t\t\t<div class=\"elementor-column elementor-col-50 elementor-top-column elementor-element elementor-element-3703402\" data-id=\"3703402\" data-element_type=\"column\">\n\t\t\t<div class=\"elementor-widget-wrap elementor-element-populated\">\n\t\t\t\t\t\t\t\t<div class=\"elementor-element elementor-element-54615a9 eael_simple_menu_hamburger_disable_selected_menu_no eael-simple-menu-hamburger-align-right eael-hamburger--tablet elementor-widget elementor-widget-eael-simple-menu\" data-id=\"54615a9\" data-element_type=\"widget\" data-widget_type=\"eael-simple-menu.default\">\n\t\t\t\t<div class=\"elementor-widget-container\">\n\t\t\t<div data-hamburger-icon=\"&lt;i aria-hidden=&quot;true&quot; class=&quot;fas fa-bars&quot;&gt;&lt;\/i&gt;\" data-indicator-class=\"\" data-dropdown-indicator-class=\"fas fa-angle-down\" class=\"eael-simple-menu-container eael-simple-menu-align-left eael-simple-menu-dropdown-align-left preset-1\" data-hamburger-breakpoints=\"{&quot;mobile&quot;:&quot;Mobile Portrait (&gt; 767px)&quot;,&quot;tablet&quot;:&quot;Tablet Portrait (&gt; 1024px)&quot;,&quot;desktop&quot;:&quot;Desktop (&gt; 2400px)&quot;,&quot;none&quot;:&quot;None&quot;}\" data-hamburger-device=\"tablet\"><ul id=\"menu-hizmetlerim-list\" class=\"eael-simple-menu eael-simple-menu-dropdown-animate-to-top eael-simple-menu-indicator eael-simple-menu-vertical\"><li id=\"menu-item-12227\" class=\"menu-item menu-item-type-post_type menu-item-object-page menu-item-12227\"><a href=\"https:\/\/www.novelaritma.com\/en\/evsel-atiksu-aritimi-tesisi\/\">Domestic Wastewater Treatment Plants<\/a><\/li>\n<li id=\"menu-item-12238\" class=\"menu-item menu-item-type-post_type menu-item-object-page menu-item-12238\"><a href=\"https:\/\/www.novelaritma.com\/en\/endustriyel-atiksu-aritimi-tesisi\/\">Industrial Wastewater Treatment Plants<\/a><\/li>\n<li id=\"menu-item-12265\" class=\"menu-item menu-item-type-post_type menu-item-object-page menu-item-12265\"><a href=\"https:\/\/www.novelaritma.com\/en\/icme-suyu-temini-ve-aritima\/\">Drinking Water Treatment and Supply<\/a><\/li>\n<li id=\"menu-item-12285\" class=\"menu-item menu-item-type-post_type menu-item-object-page menu-item-12285\"><a href=\"https:\/\/www.novelaritma.com\/en\/atik-camur-kurutma\/\">Waste Sludge Drying<\/a><\/li>\n<li id=\"menu-item-12289\" class=\"menu-item menu-item-type-post_type menu-item-object-page menu-item-12289\"><a href=\"https:\/\/www.novelaritma.com\/en\/koku-giderimi-ve-gaz-aritimi\/\">Odor Removal and Gas Treatment<\/a><\/li>\n<li id=\"menu-item-12584\" class=\"menu-item menu-item-type-post_type menu-item-object-page menu-item-12584\"><a href=\"https:\/\/www.novelaritma.com\/en\/proje-ve-danismanlik\/\">Project and Consulting<\/a><\/li>\n<\/ul><\/div>\t\t<\/div>\n\t\t\t\t<\/div>\n\t\t\t\t\t<\/div>\n\t\t<\/div>\n\t\t\t\t<div class=\"elementor-column elementor-col-50 elementor-top-column elementor-element elementor-element-51e6d5f\" data-id=\"51e6d5f\" data-element_type=\"column\">\n\t\t\t<div class=\"elementor-widget-wrap elementor-element-populated\">\n\t\t\t\t\t\t\t\t<div class=\"elementor-element elementor-element-4eaddb0 elementor-widget elementor-widget-wd_text_block\" data-id=\"4eaddb0\" data-element_type=\"widget\" data-widget_type=\"wd_text_block.default\">\n\t\t\t\t<div class=\"elementor-widget-container\">\n\t\t\t\t\t\t<link rel=\"stylesheet\" id=\"wd-text-block-css\" href=\"https:\/\/www.novelaritma.com\/wp-content\/themes\/woodmart\/css\/parts\/el-text-block.min.css?ver=6.5.4\" type=\"text\/css\" media=\"all\" \/> \t\t\t\t\t<div class=\"wd-text-block reset-last-child text-left\">\n\t\t\t\n\t\t\t<p>Waste sludge from both biological wastewater treatment systems and chemical treatment processes must be dewatered to contain 90% solids, together with new legal regulations. For this, thermal sludge dryers are used.<\/p><p>The wet sludge transferred from the entrance silos to the drying unit is dried in thermal dryers with the heat energy obtained from the gas engine and the boiler, and is made to contain 90% solids. This process is done by drying the sludge in an environment closed to the atmosphere with the heat given directly or indirectly to the dryer.<\/p><p>The dry solids ratio of the sludge in the dryers is greatly increased under low temperature and pressure. The sludge that will come out of the unit is transferred to the exit silos without any leakage to the outside and is made ready for storage. There is an odor removal unit in the entrance and exit silos to prevent odor problems.<\/p>\n\t\t\t\t\t<\/div>\n\t\t\t\t<\/div>\n\t\t\t\t<\/div>\n\t\t\t\t\t<\/div>\n\t\t<\/div>\n\t\t\t\t\t\t\t<\/div>\n\t\t<\/section>\n\t\t\t\t\t\t\t<\/div>","protected":false},"excerpt":{"rendered":"<p>Evsel At\u0131ksu Ar\u0131t\u0131m\u0131 End\u00fcstriyel At\u0131ksu Ar\u0131tma Tesisi \u0130\u00e7me Suyu Temini ve Ar\u0131t\u0131m\u0131 At\u0131k \u00c7amur Kurutma Koku Giderimi ve Gaz Ar\u0131t\u0131m\u0131<\/p>","protected":false},"author":1,"featured_media":0,"parent":0,"menu_order":0,"comment_status":"closed","ping_status":"closed","template":"","meta":{"footnotes":""},"class_list":["post-12276","page","type-page","status-publish","hentry"],"_links":{"self":[{"href":"https:\/\/www.novelaritma.com\/en\/wp-json\/wp\/v2\/pages\/12276","targetHints":{"allow":["GET"]}}],"collection":[{"href":"https:\/\/www.novelaritma.com\/en\/wp-json\/wp\/v2\/pages"}],"about":[{"href":"https:\/\/www.novelaritma.com\/en\/wp-json\/wp\/v2\/types\/page"}],"author":[{"embeddable":true,"href":"https:\/\/www.novelaritma.com\/en\/wp-json\/wp\/v2\/users\/1"}],"replies":[{"embeddable":true,"href":"https:\/\/www.novelaritma.com\/en\/wp-json\/wp\/v2\/comments?post=12276"}],"version-history":[{"count":7,"href":"https:\/\/www.novelaritma.com\/en\/wp-json\/wp\/v2\/pages\/12276\/revisions"}],"predecessor-version":[{"id":12621,"href":"https:\/\/www.novelaritma.com\/en\/wp-json\/wp\/v2\/pages\/12276\/revisions\/12621"}],"wp:attachment":[{"href":"https:\/\/www.novelaritma.com\/en\/wp-json\/wp\/v2\/media?parent=12276"}],"curies":[{"name":"wp","href":"https:\/\/api.w.org\/{rel}","templated":true}]}}