{"id":12262,"date":"2022-05-31T11:10:20","date_gmt":"2022-05-31T11:10:20","guid":{"rendered":"http:\/\/www.inodigital.com\/?page_id=12262"},"modified":"2022-09-07T11:36:44","modified_gmt":"2022-09-07T11:36:44","slug":"icme-suyu-temini-ve-aritima","status":"publish","type":"page","link":"https:\/\/www.novelaritma.com\/en\/icme-suyu-temini-ve-aritima\/","title":{"rendered":"Drinking Water Treatment and Supply"},"content":{"rendered":"<div data-elementor-type=\"wp-page\" data-elementor-id=\"12262\" class=\"elementor elementor-12262\">\n\t\t\t\t\t\t\t\t\t<section class=\"wd-negative-gap elementor-section elementor-top-section elementor-element elementor-element-61b9fe5 elementor-section-boxed elementor-section-height-default elementor-section-height-default wd-section-disabled\" data-id=\"61b9fe5\" data-element_type=\"section\">\n\t\t\t\t\t\t<div class=\"elementor-container elementor-column-gap-default\">\n\t\t\t\t\t<div class=\"elementor-column elementor-col-50 elementor-top-column elementor-element elementor-element-d108bfb\" data-id=\"d108bfb\" data-element_type=\"column\">\n\t\t\t<div class=\"elementor-widget-wrap elementor-element-populated\">\n\t\t\t\t\t\t\t\t<div class=\"elementor-element elementor-element-6ea8d8d eael_simple_menu_hamburger_disable_selected_menu_no eael-simple-menu-hamburger-align-right eael-hamburger--tablet elementor-widget elementor-widget-eael-simple-menu\" data-id=\"6ea8d8d\" data-element_type=\"widget\" data-widget_type=\"eael-simple-menu.default\">\n\t\t\t\t<div class=\"elementor-widget-container\">\n\t\t\t<div data-hamburger-icon=\"&lt;i aria-hidden=&quot;true&quot; class=&quot;fas fa-bars&quot;&gt;&lt;\/i&gt;\" data-indicator-class=\"\" data-dropdown-indicator-class=\"fas fa-angle-down\" class=\"eael-simple-menu-container eael-simple-menu-align-left eael-simple-menu-dropdown-align-left preset-1\" data-hamburger-breakpoints=\"{&quot;mobile&quot;:&quot;Mobile Portrait (&gt; 767px)&quot;,&quot;tablet&quot;:&quot;Tablet Portrait (&gt; 1024px)&quot;,&quot;desktop&quot;:&quot;Desktop (&gt; 2400px)&quot;,&quot;none&quot;:&quot;None&quot;}\" data-hamburger-device=\"tablet\"><ul id=\"menu-hizmetlerim-list\" class=\"eael-simple-menu eael-simple-menu-dropdown-animate-to-top eael-simple-menu-indicator eael-simple-menu-vertical\"><li id=\"menu-item-12227\" class=\"menu-item menu-item-type-post_type menu-item-object-page menu-item-12227\"><a href=\"https:\/\/www.novelaritma.com\/en\/evsel-atiksu-aritimi-tesisi\/\">Domestic Wastewater Treatment Plants<\/a><\/li>\n<li id=\"menu-item-12238\" class=\"menu-item menu-item-type-post_type menu-item-object-page menu-item-12238\"><a href=\"https:\/\/www.novelaritma.com\/en\/endustriyel-atiksu-aritimi-tesisi\/\">Industrial Wastewater Treatment Plants<\/a><\/li>\n<li id=\"menu-item-12265\" class=\"menu-item menu-item-type-post_type menu-item-object-page menu-item-12265\"><a href=\"https:\/\/www.novelaritma.com\/en\/icme-suyu-temini-ve-aritima\/\">Drinking Water Treatment and Supply<\/a><\/li>\n<li id=\"menu-item-12285\" class=\"menu-item menu-item-type-post_type menu-item-object-page menu-item-12285\"><a href=\"https:\/\/www.novelaritma.com\/en\/atik-camur-kurutma\/\">Waste Sludge Drying<\/a><\/li>\n<li id=\"menu-item-12289\" class=\"menu-item menu-item-type-post_type menu-item-object-page menu-item-12289\"><a href=\"https:\/\/www.novelaritma.com\/en\/koku-giderimi-ve-gaz-aritimi\/\">Odor Removal and Gas Treatment<\/a><\/li>\n<li id=\"menu-item-12584\" class=\"menu-item menu-item-type-post_type menu-item-object-page menu-item-12584\"><a href=\"https:\/\/www.novelaritma.com\/en\/proje-ve-danismanlik\/\">Project and Consulting<\/a><\/li>\n<\/ul><\/div>\t\t<\/div>\n\t\t\t\t<\/div>\n\t\t\t\t\t<\/div>\n\t\t<\/div>\n\t\t\t\t<div class=\"elementor-column elementor-col-50 elementor-top-column elementor-element elementor-element-2b79bd3\" data-id=\"2b79bd3\" data-element_type=\"column\">\n\t\t\t<div class=\"elementor-widget-wrap elementor-element-populated\">\n\t\t\t\t\t\t\t\t<div class=\"elementor-element elementor-element-db75e45 elementor-widget elementor-widget-wd_text_block\" data-id=\"db75e45\" data-element_type=\"widget\" data-widget_type=\"wd_text_block.default\">\n\t\t\t\t<div class=\"elementor-widget-container\">\n\t\t\t\t\t\t<link rel=\"stylesheet\" id=\"wd-text-block-css\" href=\"https:\/\/www.novelaritma.com\/wp-content\/themes\/woodmart\/css\/parts\/el-text-block.min.css?ver=6.5.4\" type=\"text\/css\" media=\"all\" \/> \t\t\t\t\t<div class=\"wd-text-block reset-last-child text-left\">\n\t\t\t\n\t\t\t<p>As clean water becomes scarcer and more valuable around the world, the importance of preparing appropriate quality water for various water uses is increasing. In addition to the drinking water needs of the cities, meeting the special quality requirements for industrial, commercial and domestic uses constitutes the vital task of water treatment engineering.<\/p><p>NOVEL Art\u0131m brings solutions to the needs of industrial, commercial and domestic uses with packages and specially designed facilities and equipment. Among the technologies used are the following;<\/p><ul><li>Coagulation, flocculation, simple or lamellar settling, pressurized or gravity rapid sand filtration, slow sand filtration for clarification of turbid and humic waters,<\/li><li>Oxidation\/filtration, zeolite filtration for iron and manganese removal in groundwater,<\/li><li>Ion exchange, lime\/soda methods for the treatment of hard water<\/li><li>Tuzluluk giderimi i\u00e7in; iyon de\u011fi\u015ftirme ve ters ozmoz,<\/li><li class=\"bd-textblock-28 bd-content-element\">Activated carbon adsorption, chlorination, ozonation and ultraviolet methods for disinfection<\/li><\/ul>\n\t\t\t\t\t<\/div>\n\t\t\t\t<\/div>\n\t\t\t\t<\/div>\n\t\t\t\t\t<\/div>\n\t\t<\/div>\n\t\t\t\t\t\t\t<\/div>\n\t\t<\/section>\n\t\t\t\t\t\t\t<\/div>","protected":false},"excerpt":{"rendered":"<p>Evsel At\u0131ksu Ar\u0131t\u0131m\u0131 End\u00fcstriyel At\u0131ksu Ar\u0131tma Tesisi \u0130\u00e7me Suyu Temini ve Ar\u0131t\u0131m\u0131 At\u0131k \u00c7amur Kurutma Koku Giderimi ve Gaz Ar\u0131t\u0131m\u0131<\/p>","protected":false},"author":1,"featured_media":0,"parent":0,"menu_order":0,"comment_status":"closed","ping_status":"closed","template":"","meta":{"footnotes":""},"class_list":["post-12262","page","type-page","status-publish","hentry"],"_links":{"self":[{"href":"https:\/\/www.novelaritma.com\/en\/wp-json\/wp\/v2\/pages\/12262","targetHints":{"allow":["GET"]}}],"collection":[{"href":"https:\/\/www.novelaritma.com\/en\/wp-json\/wp\/v2\/pages"}],"about":[{"href":"https:\/\/www.novelaritma.com\/en\/wp-json\/wp\/v2\/types\/page"}],"author":[{"embeddable":true,"href":"https:\/\/www.novelaritma.com\/en\/wp-json\/wp\/v2\/users\/1"}],"replies":[{"embeddable":true,"href":"https:\/\/www.novelaritma.com\/en\/wp-json\/wp\/v2\/comments?post=12262"}],"version-history":[{"count":10,"href":"https:\/\/www.novelaritma.com\/en\/wp-json\/wp\/v2\/pages\/12262\/revisions"}],"predecessor-version":[{"id":12639,"href":"https:\/\/www.novelaritma.com\/en\/wp-json\/wp\/v2\/pages\/12262\/revisions\/12639"}],"wp:attachment":[{"href":"https:\/\/www.novelaritma.com\/en\/wp-json\/wp\/v2\/media?parent=12262"}],"curies":[{"name":"wp","href":"https:\/\/api.w.org\/{rel}","templated":true}]}}