{"id":12209,"date":"2022-05-31T10:33:21","date_gmt":"2022-05-31T10:33:21","guid":{"rendered":"http:\/\/www.inodigital.com\/?page_id=12209"},"modified":"2022-09-07T10:17:50","modified_gmt":"2022-09-07T10:17:50","slug":"evsel-atiksu-aritimi-tesisi","status":"publish","type":"page","link":"https:\/\/www.novelaritma.com\/en\/evsel-atiksu-aritimi-tesisi\/","title":{"rendered":"Domestic Wastewater Treatment Plants"},"content":{"rendered":"<div data-elementor-type=\"wp-page\" data-elementor-id=\"12209\" class=\"elementor elementor-12209\">\n\t\t\t\t\t\t\t\t\t<section class=\"wd-negative-gap elementor-section elementor-top-section elementor-element elementor-element-08b4c17 wd-section-stretch elementor-section-boxed elementor-section-height-default elementor-section-height-default\" data-id=\"08b4c17\" data-element_type=\"section\">\n\t\t\t\t\t\t<div class=\"elementor-container elementor-column-gap-default\">\n\t\t\t\t\t<div class=\"elementor-column elementor-col-50 elementor-top-column elementor-element elementor-element-157f714\" data-id=\"157f714\" data-element_type=\"column\">\n\t\t\t<div class=\"elementor-widget-wrap elementor-element-populated\">\n\t\t\t\t\t\t\t\t<div class=\"elementor-element elementor-element-55fa639 eael_simple_menu_hamburger_disable_selected_menu_no eael-simple-menu-hamburger-align-right eael-hamburger--tablet elementor-widget elementor-widget-eael-simple-menu\" data-id=\"55fa639\" data-element_type=\"widget\" data-widget_type=\"eael-simple-menu.default\">\n\t\t\t\t<div class=\"elementor-widget-container\">\n\t\t\t<div data-hamburger-icon=\"&lt;i aria-hidden=&quot;true&quot; class=&quot;fas fa-bars&quot;&gt;&lt;\/i&gt;\" data-indicator-class=\"\" data-dropdown-indicator-class=\"fas fa-angle-down\" class=\"eael-simple-menu-container eael-simple-menu-align-left eael-simple-menu-dropdown-align-left preset-1\" data-hamburger-breakpoints=\"{&quot;mobile&quot;:&quot;Mobile Portrait (&gt; 767px)&quot;,&quot;tablet&quot;:&quot;Tablet Portrait (&gt; 1024px)&quot;,&quot;desktop&quot;:&quot;Desktop (&gt; 2400px)&quot;,&quot;none&quot;:&quot;None&quot;}\" data-hamburger-device=\"tablet\"><ul id=\"menu-hizmetlerim-list\" class=\"eael-simple-menu eael-simple-menu-dropdown-animate-to-top eael-simple-menu-indicator eael-simple-menu-vertical\"><li id=\"menu-item-12227\" class=\"menu-item menu-item-type-post_type menu-item-object-page menu-item-12227\"><a href=\"https:\/\/www.novelaritma.com\/en\/evsel-atiksu-aritimi-tesisi\/\">Domestic Wastewater Treatment Plants<\/a><\/li>\n<li id=\"menu-item-12238\" class=\"menu-item menu-item-type-post_type menu-item-object-page menu-item-12238\"><a href=\"https:\/\/www.novelaritma.com\/en\/endustriyel-atiksu-aritimi-tesisi\/\">Industrial Wastewater Treatment Plants<\/a><\/li>\n<li id=\"menu-item-12265\" class=\"menu-item menu-item-type-post_type menu-item-object-page menu-item-12265\"><a href=\"https:\/\/www.novelaritma.com\/en\/icme-suyu-temini-ve-aritima\/\">Drinking Water Treatment and Supply<\/a><\/li>\n<li id=\"menu-item-12285\" class=\"menu-item menu-item-type-post_type menu-item-object-page menu-item-12285\"><a href=\"https:\/\/www.novelaritma.com\/en\/atik-camur-kurutma\/\">Waste Sludge Drying<\/a><\/li>\n<li id=\"menu-item-12289\" class=\"menu-item menu-item-type-post_type menu-item-object-page menu-item-12289\"><a href=\"https:\/\/www.novelaritma.com\/en\/koku-giderimi-ve-gaz-aritimi\/\">Odor Removal and Gas Treatment<\/a><\/li>\n<li id=\"menu-item-12584\" class=\"menu-item menu-item-type-post_type menu-item-object-page menu-item-12584\"><a href=\"https:\/\/www.novelaritma.com\/en\/proje-ve-danismanlik\/\">Project and Consulting<\/a><\/li>\n<\/ul><\/div>\t\t<\/div>\n\t\t\t\t<\/div>\n\t\t\t\t\t<\/div>\n\t\t<\/div>\n\t\t\t\t<div class=\"elementor-column elementor-col-50 elementor-top-column elementor-element elementor-element-1745698\" data-id=\"1745698\" data-element_type=\"column\">\n\t\t\t<div class=\"elementor-widget-wrap elementor-element-populated\">\n\t\t\t\t\t\t\t\t<div class=\"elementor-element elementor-element-563d35d elementor-widget elementor-widget-wd_text_block\" data-id=\"563d35d\" data-element_type=\"widget\" data-widget_type=\"wd_text_block.default\">\n\t\t\t\t<div class=\"elementor-widget-container\">\n\t\t\t\t\t\t<link rel=\"stylesheet\" id=\"wd-text-block-css\" href=\"https:\/\/www.novelaritma.com\/wp-content\/themes\/woodmart\/css\/parts\/el-text-block.min.css?ver=6.5.4\" type=\"text\/css\" media=\"all\" \/> \t\t\t\t\t<div class=\"wd-text-block reset-last-child text-left\">\n\t\t\t\n\t\t\t<p>The rapid population growth in our country and in the world has led to the depletion of water resources, and intense pollution of underground and surface water resources along with our seas by wastewater. For this reason, effective wastewater treatment is a priority for municipalities at least as much as drinking water supply in order to conserve resources.<\/p><p>NOVEL Ar\u0131tma establishes turnkey plants for the treatment of wastewater generated at any population scale, from small settlements to large cities. These facilities are designed based on production standards such as TSE, DIN, ASME, BS, and country and region discharge criteria.<\/p><p>NOVEL Ar\u0131tma applies the following processes for the desired nitrogen, phosphorus, solids and microbiological removals in sensitive receiving environments in wastewater treatment plants equipped with technological equipment;<\/p><ul><li>Extended aerated activated sludge process for nitrogen removal by nitrification\/denitrification,<\/li><li>Phosphorus removal by biological or chemical methods<\/li><li>Continuous or batch aerobic processes in which biofilm, bio disc, membrane technologies are applied,<\/li><li>Ozone or UV oxidation for advanced water treatment, ultrafiltration process<\/li><\/ul>\n\t\t\t\t\t<\/div>\n\t\t\t\t<\/div>\n\t\t\t\t<\/div>\n\t\t\t\t\t<\/div>\n\t\t<\/div>\n\t\t\t\t\t\t\t<\/div>\n\t\t<\/section>\n\t\t\t\t\t\t\t<\/div>","protected":false},"excerpt":{"rendered":"<p>Evsel At\u0131ksu Ar\u0131t\u0131m\u0131 End\u00fcstriyel At\u0131ksu Ar\u0131tma Tesisi \u0130\u00e7me Suyu Temini ve Ar\u0131t\u0131m\u0131 At\u0131k \u00c7amur Kurutma Koku Giderimi ve Gaz Ar\u0131t\u0131m\u0131<\/p>","protected":false},"author":1,"featured_media":0,"parent":0,"menu_order":0,"comment_status":"closed","ping_status":"closed","template":"","meta":{"footnotes":""},"class_list":["post-12209","page","type-page","status-publish","hentry"],"_links":{"self":[{"href":"https:\/\/www.novelaritma.com\/en\/wp-json\/wp\/v2\/pages\/12209","targetHints":{"allow":["GET"]}}],"collection":[{"href":"https:\/\/www.novelaritma.com\/en\/wp-json\/wp\/v2\/pages"}],"about":[{"href":"https:\/\/www.novelaritma.com\/en\/wp-json\/wp\/v2\/types\/page"}],"author":[{"embeddable":true,"href":"https:\/\/www.novelaritma.com\/en\/wp-json\/wp\/v2\/users\/1"}],"replies":[{"embeddable":true,"href":"https:\/\/www.novelaritma.com\/en\/wp-json\/wp\/v2\/comments?post=12209"}],"version-history":[{"count":10,"href":"https:\/\/www.novelaritma.com\/en\/wp-json\/wp\/v2\/pages\/12209\/revisions"}],"predecessor-version":[{"id":12607,"href":"https:\/\/www.novelaritma.com\/en\/wp-json\/wp\/v2\/pages\/12209\/revisions\/12607"}],"wp:attachment":[{"href":"https:\/\/www.novelaritma.com\/en\/wp-json\/wp\/v2\/media?parent=12209"}],"curies":[{"name":"wp","href":"https:\/\/api.w.org\/{rel}","templated":true}]}}