{"id":10990,"date":"2021-11-17T12:02:51","date_gmt":"2021-11-17T12:02:51","guid":{"rendered":"http:\/\/dummy.xtemos.com\/woodmart2\/elementor\/?page_id=10990"},"modified":"2022-09-07T10:40:04","modified_gmt":"2022-09-07T10:40:04","slug":"proje-ve-danismanlik","status":"publish","type":"page","link":"https:\/\/www.novelaritma.com\/en\/proje-ve-danismanlik\/","title":{"rendered":"Project and Consulting"},"content":{"rendered":"<div data-elementor-type=\"wp-page\" data-elementor-id=\"10990\" class=\"elementor elementor-10990\">\n\t\t\t\t\t\t\t\t\t<section class=\"wd-negative-gap elementor-section elementor-top-section elementor-element elementor-element-10f6dbf wd-section-stretch-content elementor-section-boxed elementor-section-height-default elementor-section-height-default\" data-id=\"10f6dbf\" data-element_type=\"section\">\n\t\t\t\t\t\t<div class=\"elementor-container elementor-column-gap-no\">\n\t\t\t\t\t<div class=\"elementor-column elementor-col-100 elementor-top-column elementor-element elementor-element-7775e2b\" data-id=\"7775e2b\" data-element_type=\"column\">\n\t\t\t<div class=\"elementor-widget-wrap elementor-element-populated\">\n\t\t\t\t\t\t\t\t\t<\/div>\n\t\t<\/div>\n\t\t\t\t\t\t\t<\/div>\n\t\t<\/section>\n\t\t\t\t<section class=\"wd-negative-gap elementor-section elementor-top-section elementor-element elementor-element-a3e1228 elementor-section-boxed elementor-section-height-default elementor-section-height-default wd-section-disabled\" data-id=\"a3e1228\" data-element_type=\"section\">\n\t\t\t\t\t\t<div class=\"elementor-container elementor-column-gap-default\">\n\t\t\t\t\t<div class=\"elementor-column elementor-col-50 elementor-top-column elementor-element elementor-element-cbf6b7a\" data-id=\"cbf6b7a\" data-element_type=\"column\">\n\t\t\t<div class=\"elementor-widget-wrap elementor-element-populated\">\n\t\t\t\t\t\t\t\t<div class=\"elementor-element elementor-element-8be18fc eael_simple_menu_hamburger_disable_selected_menu_no eael-simple-menu-hamburger-align-right eael-hamburger--tablet elementor-widget elementor-widget-eael-simple-menu\" data-id=\"8be18fc\" data-element_type=\"widget\" data-widget_type=\"eael-simple-menu.default\">\n\t\t\t\t<div class=\"elementor-widget-container\">\n\t\t\t<div data-hamburger-icon=\"&lt;i aria-hidden=&quot;true&quot; class=&quot;fas fa-bars&quot;&gt;&lt;\/i&gt;\" data-indicator-class=\"\" data-dropdown-indicator-class=\"fas fa-angle-down\" class=\"eael-simple-menu-container eael-simple-menu-align-left eael-simple-menu-dropdown-align-left preset-1\" data-hamburger-breakpoints=\"{&quot;mobile&quot;:&quot;Mobile Portrait (&gt; 767px)&quot;,&quot;tablet&quot;:&quot;Tablet Portrait (&gt; 1024px)&quot;,&quot;desktop&quot;:&quot;Desktop (&gt; 2400px)&quot;,&quot;none&quot;:&quot;None&quot;}\" data-hamburger-device=\"tablet\"><ul id=\"menu-hizmetlerim-list\" class=\"eael-simple-menu eael-simple-menu-dropdown-animate-to-top eael-simple-menu-indicator eael-simple-menu-vertical\"><li id=\"menu-item-12227\" class=\"menu-item menu-item-type-post_type menu-item-object-page menu-item-12227\"><a href=\"https:\/\/www.novelaritma.com\/en\/evsel-atiksu-aritimi-tesisi\/\">Domestic Wastewater Treatment Plants<\/a><\/li>\n<li id=\"menu-item-12238\" class=\"menu-item menu-item-type-post_type menu-item-object-page menu-item-12238\"><a href=\"https:\/\/www.novelaritma.com\/en\/endustriyel-atiksu-aritimi-tesisi\/\">Industrial Wastewater Treatment Plants<\/a><\/li>\n<li id=\"menu-item-12265\" class=\"menu-item menu-item-type-post_type menu-item-object-page menu-item-12265\"><a href=\"https:\/\/www.novelaritma.com\/en\/icme-suyu-temini-ve-aritima\/\">Drinking Water Treatment and Supply<\/a><\/li>\n<li id=\"menu-item-12285\" class=\"menu-item menu-item-type-post_type menu-item-object-page menu-item-12285\"><a href=\"https:\/\/www.novelaritma.com\/en\/atik-camur-kurutma\/\">Waste Sludge Drying<\/a><\/li>\n<li id=\"menu-item-12289\" class=\"menu-item menu-item-type-post_type menu-item-object-page menu-item-12289\"><a href=\"https:\/\/www.novelaritma.com\/en\/koku-giderimi-ve-gaz-aritimi\/\">Odor Removal and Gas Treatment<\/a><\/li>\n<li id=\"menu-item-12584\" class=\"menu-item menu-item-type-post_type menu-item-object-page menu-item-12584\"><a href=\"https:\/\/www.novelaritma.com\/en\/proje-ve-danismanlik\/\">Project and Consulting<\/a><\/li>\n<\/ul><\/div>\t\t<\/div>\n\t\t\t\t<\/div>\n\t\t\t\t\t<\/div>\n\t\t<\/div>\n\t\t\t\t<div class=\"elementor-column elementor-col-50 elementor-top-column elementor-element elementor-element-82e1bd8\" data-id=\"82e1bd8\" data-element_type=\"column\">\n\t\t\t<div class=\"elementor-widget-wrap elementor-element-populated\">\n\t\t\t\t\t\t\t\t<div class=\"elementor-element elementor-element-79cfb2e elementor-widget elementor-widget-wd_text_block\" data-id=\"79cfb2e\" data-element_type=\"widget\" data-widget_type=\"wd_text_block.default\">\n\t\t\t\t<div class=\"elementor-widget-container\">\n\t\t\t\t\t\t<link rel=\"stylesheet\" id=\"wd-text-block-css\" href=\"https:\/\/www.novelaritma.com\/wp-content\/themes\/woodmart\/css\/parts\/el-text-block.min.css?ver=6.5.4\" type=\"text\/css\" media=\"all\" \/> \t\t\t\t\t<div class=\"wd-text-block reset-last-child text-left\">\n\t\t\t\n\t\t\t<p>We provide consultancy, project design and application services on domestic and industrial wastewater treatment plants, drinking water treatment plants, water recovery facilities and the operation of these facilities.<\/p><p>\u00a0<\/p>\n\t\t\t\t\t<\/div>\n\t\t\t\t<\/div>\n\t\t\t\t<\/div>\n\t\t\t\t\t<\/div>\n\t\t<\/div>\n\t\t\t\t\t\t\t<\/div>\n\t\t<\/section>\n\t\t\t\t\t\t\t<\/div>","protected":false},"excerpt":{"rendered":"<p>Evsel At\u0131ksu Ar\u0131t\u0131m\u0131 End\u00fcstriyel At\u0131ksu Ar\u0131tma Tesisi \u0130\u00e7me Suyu Temini ve Ar\u0131t\u0131m\u0131 At\u0131k \u00c7amur Kurutma Koku Giderimi ve Gaz Ar\u0131t\u0131m\u0131<\/p>","protected":false},"author":1,"featured_media":0,"parent":0,"menu_order":0,"comment_status":"closed","ping_status":"closed","template":"","meta":{"footnotes":""},"class_list":["post-10990","page","type-page","status-publish","hentry"],"_links":{"self":[{"href":"https:\/\/www.novelaritma.com\/en\/wp-json\/wp\/v2\/pages\/10990","targetHints":{"allow":["GET"]}}],"collection":[{"href":"https:\/\/www.novelaritma.com\/en\/wp-json\/wp\/v2\/pages"}],"about":[{"href":"https:\/\/www.novelaritma.com\/en\/wp-json\/wp\/v2\/types\/page"}],"author":[{"embeddable":true,"href":"https:\/\/www.novelaritma.com\/en\/wp-json\/wp\/v2\/users\/1"}],"replies":[{"embeddable":true,"href":"https:\/\/www.novelaritma.com\/en\/wp-json\/wp\/v2\/comments?post=10990"}],"version-history":[{"count":7,"href":"https:\/\/www.novelaritma.com\/en\/wp-json\/wp\/v2\/pages\/10990\/revisions"}],"predecessor-version":[{"id":12631,"href":"https:\/\/www.novelaritma.com\/en\/wp-json\/wp\/v2\/pages\/10990\/revisions\/12631"}],"wp:attachment":[{"href":"https:\/\/www.novelaritma.com\/en\/wp-json\/wp\/v2\/media?parent=10990"}],"curies":[{"name":"wp","href":"https:\/\/api.w.org\/{rel}","templated":true}]}}